{"id":633,"date":"2020-10-13T09:00:26","date_gmt":"2020-10-13T09:00:26","guid":{"rendered":"http:\/\/localhost\/razzi\/?page_id=633"},"modified":"2024-04-11T16:06:26","modified_gmt":"2024-04-11T14:06:26","slug":"poznaj-nas","status":"publish","type":"page","link":"https:\/\/kikam.pl\/index.php\/poznaj-nas\/","title":{"rendered":"Poznaj Nas"},"content":{"rendered":"\t\t<div data-elementor-type=\"wp-page\" data-elementor-id=\"633\" class=\"elementor elementor-633\">\n\t\t\t\t\t\t<section class=\"elementor-section elementor-top-section elementor-element elementor-element-4442417 elementor-section-boxed elementor-section-height-default elementor-section-height-default\" data-id=\"4442417\" data-element_type=\"section\">\n\t\t\t\t\t\t<div class=\"elementor-container elementor-column-gap-default\">\n\t\t\t\t\t<div class=\"elementor-column elementor-col-100 elementor-top-column elementor-element elementor-element-b455629\" data-id=\"b455629\" data-element_type=\"column\">\n\t\t\t<div class=\"elementor-widget-wrap elementor-element-populated\">\n\t\t\t\t\t\t<div class=\"elementor-element elementor-element-13c65f8 elementor-widget elementor-widget-heading\" data-id=\"13c65f8\" data-element_type=\"widget\" data-widget_type=\"heading.default\">\n\t\t\t\t<div class=\"elementor-widget-container\">\n\t\t\t<style>\/*! elementor - v3.20.0 - 26-03-2024 *\/\n.elementor-heading-title{padding:0;margin:0;line-height:1}.elementor-widget-heading .elementor-heading-title[class*=elementor-size-]>a{color:inherit;font-size:inherit;line-height:inherit}.elementor-widget-heading .elementor-heading-title.elementor-size-small{font-size:15px}.elementor-widget-heading .elementor-heading-title.elementor-size-medium{font-size:19px}.elementor-widget-heading .elementor-heading-title.elementor-size-large{font-size:29px}.elementor-widget-heading .elementor-heading-title.elementor-size-xl{font-size:39px}.elementor-widget-heading .elementor-heading-title.elementor-size-xxl{font-size:59px}<\/style><p class=\"elementor-heading-title elementor-size-default\">Tworzymy dla Was sami, od zera, w Polsce. Pokrowiec uszyty z najwi\u0119ksz\u0105 staranno\u015bci\u0105, by cieszy\u0142 przez wiele lat.<\/p>\t\t<\/div>\n\t\t\t\t<\/div>\n\t\t\t\t\t<\/div>\n\t\t<\/div>\n\t\t\t\t\t<\/div>\n\t\t<\/section>\n\t\t\t\t<section class=\"elementor-section elementor-top-section elementor-element elementor-element-a9435d9 elementor-section-boxed elementor-section-height-default elementor-section-height-default\" data-id=\"a9435d9\" data-element_type=\"section\">\n\t\t\t\t\t\t<div class=\"elementor-container elementor-column-gap-extended\">\n\t\t\t\t\t<div class=\"elementor-column elementor-col-100 elementor-top-column elementor-element elementor-element-2ca6e37\" data-id=\"2ca6e37\" data-element_type=\"column\" data-settings=\"{&quot;background_background&quot;:&quot;classic&quot;}\">\n\t\t\t<div class=\"elementor-widget-wrap elementor-element-populated\">\n\t\t\t\t\t\t<section class=\"elementor-section elementor-inner-section elementor-element elementor-element-65419b3 elementor-section-boxed elementor-section-height-default elementor-section-height-default\" data-id=\"65419b3\" data-element_type=\"section\" data-settings=\"{&quot;background_background&quot;:&quot;classic&quot;}\">\n\t\t\t\t\t\t<div class=\"elementor-container elementor-column-gap-default\">\n\t\t\t\t\t<div class=\"elementor-column elementor-col-50 elementor-inner-column elementor-element elementor-element-4400e6e\" data-id=\"4400e6e\" data-element_type=\"column\">\n\t\t\t<div class=\"elementor-widget-wrap elementor-element-populated\">\n\t\t\t\t\t\t<div class=\"elementor-element elementor-element-19a047b elementor-widget elementor-widget-image\" data-id=\"19a047b\" data-element_type=\"widget\" data-widget_type=\"image.default\">\n\t\t\t\t<div class=\"elementor-widget-container\">\n\t\t\t<style>\/*! elementor - v3.20.0 - 26-03-2024 *\/\n.elementor-widget-image{text-align:center}.elementor-widget-image a{display:inline-block}.elementor-widget-image a img[src$=\".svg\"]{width:48px}.elementor-widget-image img{vertical-align:middle;display:inline-block}<\/style>\t\t\t\t\t\t\t\t\t\t<img decoding=\"async\" src=\"https:\/\/kikam.pl\/wp-content\/uploads\/elementor\/thumbs\/UNADJUSTEDNONRAW_thumb_a98-copy-rmaaja5uihsovplachpu3v0i2hs01sx9u60kri4bgw.png\" title=\"UNADJUSTEDNONRAW_thumb_a98 copy\" alt=\"UNADJUSTEDNONRAW_thumb_a98 copy\" loading=\"lazy\" \/>\t\t\t\t\t\t\t\t\t\t\t\t\t<\/div>\n\t\t\t\t<\/div>\n\t\t\t\t\t<\/div>\n\t\t<\/div>\n\t\t\t\t<div class=\"elementor-column elementor-col-50 elementor-inner-column elementor-element elementor-element-b0d1ee8\" data-id=\"b0d1ee8\" data-element_type=\"column\" data-settings=\"{&quot;background_background&quot;:&quot;classic&quot;}\">\n\t\t\t<div class=\"elementor-widget-wrap elementor-element-populated\">\n\t\t\t\t\t\t<div class=\"elementor-element elementor-element-0ccacc1 elementor-widget elementor-widget-heading\" data-id=\"0ccacc1\" data-element_type=\"widget\" data-widget_type=\"heading.default\">\n\t\t\t\t<div class=\"elementor-widget-container\">\n\t\t\t<h3 class=\"elementor-heading-title elementor-size-default\">Kim jeste\u015bmy?<\/h3>\t\t<\/div>\n\t\t\t\t<\/div>\n\t\t\t\t<div class=\"elementor-element elementor-element-da91591 elementor-widget elementor-widget-text-editor\" data-id=\"da91591\" data-element_type=\"widget\" data-widget_type=\"text-editor.default\">\n\t\t\t\t<div class=\"elementor-widget-container\">\n\t\t\t<style>\/*! elementor - v3.20.0 - 26-03-2024 *\/\n.elementor-widget-text-editor.elementor-drop-cap-view-stacked .elementor-drop-cap{background-color:#69727d;color:#fff}.elementor-widget-text-editor.elementor-drop-cap-view-framed .elementor-drop-cap{color:#69727d;border:3px solid;background-color:transparent}.elementor-widget-text-editor:not(.elementor-drop-cap-view-default) .elementor-drop-cap{margin-top:8px}.elementor-widget-text-editor:not(.elementor-drop-cap-view-default) .elementor-drop-cap-letter{width:1em;height:1em}.elementor-widget-text-editor .elementor-drop-cap{float:left;text-align:center;line-height:1;font-size:50px}.elementor-widget-text-editor .elementor-drop-cap-letter{display:inline-block}<\/style>\t\t\t\t<div id=\"cms-heading-2\" class=\"cms-heading-wrapper text-center\"><div class=\"cms-heading-inner\"><div class=\"cms-heading-content\" style=\"text-align: left;\"><p>W KIKAM tworzymy produkty dla Was sami, od zera po efekt ko\u0144cowy. Produkty s\u0105 uszyte z najwi\u0119ksz\u0105 staranno\u015bci\u0105 i sercem, w mojej szwalni, gdzie wytwarzane s\u0105 z poszanowaniem praw pracownika.<\/p><\/div><\/div><\/div>\t\t\t\t\t\t<\/div>\n\t\t\t\t<\/div>\n\t\t\t\t\t<\/div>\n\t\t<\/div>\n\t\t\t\t\t<\/div>\n\t\t<\/section>\n\t\t\t\t\t<\/div>\n\t\t<\/div>\n\t\t\t\t\t<\/div>\n\t\t<\/section>\n\t\t\t\t<section class=\"elementor-section elementor-top-section elementor-element elementor-element-72f16be elementor-section-boxed elementor-section-height-default elementor-section-height-default\" data-id=\"72f16be\" data-element_type=\"section\">\n\t\t\t\t\t\t<div class=\"elementor-container elementor-column-gap-default\">\n\t\t\t\t\t<div class=\"elementor-column elementor-col-100 elementor-top-column elementor-element elementor-element-1e2a736\" data-id=\"1e2a736\" data-element_type=\"column\">\n\t\t\t<div class=\"elementor-widget-wrap elementor-element-populated\">\n\t\t\t\t\t\t<div class=\"elementor-element elementor-element-e6d182b elementor-widget elementor-widget-heading\" data-id=\"e6d182b\" data-element_type=\"widget\" data-widget_type=\"heading.default\">\n\t\t\t\t<div class=\"elementor-widget-container\">\n\t\t\t<h3 class=\"elementor-heading-title elementor-size-default\">Kikam<\/h3>\t\t<\/div>\n\t\t\t\t<\/div>\n\t\t\t\t\t<\/div>\n\t\t<\/div>\n\t\t\t\t\t<\/div>\n\t\t<\/section>\n\t\t\t\t<section class=\"elementor-section elementor-top-section elementor-element elementor-element-bec742e elementor-section-boxed elementor-section-height-default elementor-section-height-default\" data-id=\"bec742e\" data-element_type=\"section\">\n\t\t\t\t\t\t<div class=\"elementor-container elementor-column-gap-extended\">\n\t\t\t\t\t<div class=\"elementor-column elementor-col-100 elementor-top-column elementor-element elementor-element-7d0adff\" data-id=\"7d0adff\" data-element_type=\"column\" data-settings=\"{&quot;background_background&quot;:&quot;classic&quot;}\">\n\t\t\t<div class=\"elementor-widget-wrap elementor-element-populated\">\n\t\t\t\t\t\t<section class=\"elementor-section elementor-inner-section elementor-element elementor-element-673ded4 elementor-reverse-tablet elementor-reverse-mobile elementor-section-boxed elementor-section-height-default elementor-section-height-default\" data-id=\"673ded4\" data-element_type=\"section\" data-settings=\"{&quot;background_background&quot;:&quot;classic&quot;}\">\n\t\t\t\t\t\t<div class=\"elementor-container elementor-column-gap-default\">\n\t\t\t\t\t<div class=\"elementor-column elementor-col-50 elementor-inner-column elementor-element elementor-element-cf7eae8\" data-id=\"cf7eae8\" data-element_type=\"column\" data-settings=\"{&quot;background_background&quot;:&quot;classic&quot;}\">\n\t\t\t<div class=\"elementor-widget-wrap elementor-element-populated\">\n\t\t\t\t\t\t<div class=\"elementor-element elementor-element-551404b elementor-widget elementor-widget-heading\" data-id=\"551404b\" data-element_type=\"widget\" data-widget_type=\"heading.default\">\n\t\t\t\t<div class=\"elementor-widget-container\">\n\t\t\t<h3 class=\"elementor-heading-title elementor-size-default\">Zdrowie<\/h3>\t\t<\/div>\n\t\t\t\t<\/div>\n\t\t\t\t<div class=\"elementor-element elementor-element-767f6c7 elementor-widget elementor-widget-text-editor\" data-id=\"767f6c7\" data-element_type=\"widget\" data-widget_type=\"text-editor.default\">\n\t\t\t\t<div class=\"elementor-widget-container\">\n\t\t\t\t\t\t\t<p><span style=\"color: var(--rz-text-color); font-family: var(--rz-font-family-primary); font-size: 16px;\">Zdrowy kr\u0119gos\u0142up i wypoczynek to dzi\u015b marzenie ka\u017cdego z nas. Dzi\u0119ki Naszym pi\u0142k\u0105, kt\u00f3rym nadajemy indywidualny charakter,b\u0119dziesz zawsze korzysta\u0107 w pracy za biurkiem czy ogl\u0105daj\u0105c telewizj\u0119. \u0106wicz\u0105c z dzieckiem lub samemu. Niepowtarzalny design naszych produkt\u00f3w sprawi, \u017ce nasze produkty b\u0119d\u0105 wywo\u0142ywa\u0107 u\u015bmiech satysfkacji, \u017ce w kazdym momencie mo\u017cesz dba\u0107 o swoje zdrowie i nie martwi\u0107 si\u0119, \u017ce psuje wygl\u0105d Twojego pomieszczenia.<\/span><\/p>\t\t\t\t\t\t<\/div>\n\t\t\t\t<\/div>\n\t\t\t\t\t<\/div>\n\t\t<\/div>\n\t\t\t\t<div class=\"elementor-column elementor-col-50 elementor-inner-column elementor-element elementor-element-4e634aa\" data-id=\"4e634aa\" data-element_type=\"column\">\n\t\t\t<div class=\"elementor-widget-wrap elementor-element-populated\">\n\t\t\t\t\t\t<div class=\"elementor-element elementor-element-c7b669d elementor-widget elementor-widget-image\" data-id=\"c7b669d\" data-element_type=\"widget\" data-widget_type=\"image.default\">\n\t\t\t\t<div class=\"elementor-widget-container\">\n\t\t\t\t\t\t\t\t\t\t\t\t\t<img decoding=\"async\" src=\"https:\/\/kikam.pl\/wp-content\/uploads\/elementor\/thumbs\/house_17-rmaaj980bnrek3mnhzb7jd91h3wmu3tji1d3a85pn4.jpg\" title=\"house_17\" alt=\"house_17\" loading=\"lazy\" \/>\t\t\t\t\t\t\t\t\t\t\t\t\t<\/div>\n\t\t\t\t<\/div>\n\t\t\t\t\t<\/div>\n\t\t<\/div>\n\t\t\t\t\t<\/div>\n\t\t<\/section>\n\t\t\t\t\t<\/div>\n\t\t<\/div>\n\t\t\t\t\t<\/div>\n\t\t<\/section>\n\t\t\t\t<section class=\"elementor-section elementor-top-section elementor-element elementor-element-00037dc elementor-section-boxed elementor-section-height-default elementor-section-height-default\" data-id=\"00037dc\" data-element_type=\"section\">\n\t\t\t\t\t\t<div class=\"elementor-container elementor-column-gap-extended\">\n\t\t\t\t\t<div class=\"elementor-column elementor-col-100 elementor-top-column elementor-element elementor-element-944a939\" data-id=\"944a939\" data-element_type=\"column\" data-settings=\"{&quot;background_background&quot;:&quot;classic&quot;}\">\n\t\t\t<div class=\"elementor-widget-wrap elementor-element-populated\">\n\t\t\t\t\t\t<section class=\"elementor-section elementor-inner-section elementor-element elementor-element-fc46e0d elementor-section-boxed elementor-section-height-default elementor-section-height-default\" data-id=\"fc46e0d\" data-element_type=\"section\" data-settings=\"{&quot;background_background&quot;:&quot;classic&quot;}\">\n\t\t\t\t\t\t<div class=\"elementor-container elementor-column-gap-default\">\n\t\t\t\t\t<div class=\"elementor-column elementor-col-50 elementor-inner-column elementor-element elementor-element-eee6170\" data-id=\"eee6170\" data-element_type=\"column\">\n\t\t\t<div class=\"elementor-widget-wrap elementor-element-populated\">\n\t\t\t\t\t\t<div class=\"elementor-element elementor-element-84c0c52 elementor-widget elementor-widget-image\" data-id=\"84c0c52\" data-element_type=\"widget\" data-widget_type=\"image.default\">\n\t\t\t\t<div class=\"elementor-widget-container\">\n\t\t\t\t\t\t\t\t\t\t\t\t\t<img fetchpriority=\"high\" decoding=\"async\" width=\"862\" height=\"879\" src=\"https:\/\/kikam.pl\/wp-content\/uploads\/2024\/04\/house_21.jpg\" class=\"attachment-full size-full wp-image-12689\" alt=\"\" srcset=\"https:\/\/kikam.pl\/wp-content\/uploads\/2024\/04\/house_21.jpg 862w, https:\/\/kikam.pl\/wp-content\/uploads\/2024\/04\/house_21-294x300.jpg 294w, https:\/\/kikam.pl\/wp-content\/uploads\/2024\/04\/house_21-768x783.jpg 768w, https:\/\/kikam.pl\/wp-content\/uploads\/2024\/04\/house_21-670x683.jpg 670w\" sizes=\"(max-width: 862px) 100vw, 862px\" \/>\t\t\t\t\t\t\t\t\t\t\t\t\t<\/div>\n\t\t\t\t<\/div>\n\t\t\t\t\t<\/div>\n\t\t<\/div>\n\t\t\t\t<div class=\"elementor-column elementor-col-50 elementor-inner-column elementor-element elementor-element-2c8e508\" data-id=\"2c8e508\" data-element_type=\"column\" data-settings=\"{&quot;background_background&quot;:&quot;classic&quot;}\">\n\t\t\t<div class=\"elementor-widget-wrap elementor-element-populated\">\n\t\t\t\t\t\t<div class=\"elementor-element elementor-element-de5ee4e elementor-widget elementor-widget-heading\" data-id=\"de5ee4e\" data-element_type=\"widget\" data-widget_type=\"heading.default\">\n\t\t\t\t<div class=\"elementor-widget-container\">\n\t\t\t<h3 class=\"elementor-heading-title elementor-size-default\">Materia\u0142y<\/h3>\t\t<\/div>\n\t\t\t\t<\/div>\n\t\t\t\t<div class=\"elementor-element elementor-element-8ca88cf elementor-widget elementor-widget-text-editor\" data-id=\"8ca88cf\" data-element_type=\"widget\" data-widget_type=\"text-editor.default\">\n\t\t\t\t<div class=\"elementor-widget-container\">\n\t\t\t\t\t\t\t<div class=\"vc_row wpb_row vc_inner vc_row-fluid\"><div class=\"text-justify wpb_column vc_column_container vc_col-sm-6\"><div class=\"vc_column-inner \"><div class=\"wpb_wrapper\"><div id=\"cms-heading-6\" class=\"cms-heading-wrapper text-center\"><div class=\"cms-heading-inner\"><div class=\"cms-heading-content\"><p class=\"p1\" style=\"text-align: left;\">U\u017cywamy wy\u0142\u0105cznie wysokiej jako\u015bci materia\u0142\u00f3w pokrywaj\u0105cych pi\u0142k\u0119, takich jak gruba tkanina poliestrowa lub tkanina poliestrowa pokryta sk\u00f3r\u0105. Szwy s\u0105 podw\u00f3jnie szyte z mocnymi prz\u0119dami poliestrowymi, co gwarantuje bezpieczne i d\u0142ugotrwa\u0142e u\u017cytkowanie.<\/p><\/div><\/div><\/div><\/div><\/div><\/div><\/div>\t\t\t\t\t\t<\/div>\n\t\t\t\t<\/div>\n\t\t\t\t\t<\/div>\n\t\t<\/div>\n\t\t\t\t\t<\/div>\n\t\t<\/section>\n\t\t\t\t\t<\/div>\n\t\t<\/div>\n\t\t\t\t\t<\/div>\n\t\t<\/section>\n\t\t\t\t<section class=\"elementor-section elementor-top-section elementor-element elementor-element-47ddda7 elementor-section-boxed elementor-section-height-default elementor-section-height-default\" data-id=\"47ddda7\" data-element_type=\"section\">\n\t\t\t\t\t\t<div class=\"elementor-container elementor-column-gap-default\">\n\t\t\t\t\t<div class=\"elementor-column elementor-col-100 elementor-top-column elementor-element elementor-element-e97aa59\" data-id=\"e97aa59\" data-element_type=\"column\">\n\t\t\t<div class=\"elementor-widget-wrap elementor-element-populated\">\n\t\t\t\t\t\t<div class=\"elementor-element elementor-element-f3fa5ab elementor-widget elementor-widget-heading\" data-id=\"f3fa5ab\" data-element_type=\"widget\" data-widget_type=\"heading.default\">\n\t\t\t\t<div class=\"elementor-widget-container\">\n\t\t\t<h3 class=\"elementor-heading-title elementor-size-default\">Jak zadba\u0107?<\/h3>\t\t<\/div>\n\t\t\t\t<\/div>\n\t\t\t\t\t<\/div>\n\t\t<\/div>\n\t\t\t\t\t<\/div>\n\t\t<\/section>\n\t\t\t\t<section class=\"elementor-section elementor-top-section elementor-element elementor-element-3919057 elementor-section-boxed elementor-section-height-default elementor-section-height-default\" data-id=\"3919057\" data-element_type=\"section\">\n\t\t\t\t\t\t<div class=\"elementor-container elementor-column-gap-extended\">\n\t\t\t\t\t<div class=\"elementor-column elementor-col-100 elementor-top-column elementor-element elementor-element-5586af3\" data-id=\"5586af3\" data-element_type=\"column\" data-settings=\"{&quot;background_background&quot;:&quot;classic&quot;}\">\n\t\t\t<div class=\"elementor-widget-wrap elementor-element-populated\">\n\t\t\t\t\t\t<section class=\"elementor-section elementor-inner-section elementor-element elementor-element-94798df elementor-reverse-tablet elementor-reverse-mobile elementor-section-boxed elementor-section-height-default elementor-section-height-default\" data-id=\"94798df\" data-element_type=\"section\" data-settings=\"{&quot;background_background&quot;:&quot;classic&quot;}\">\n\t\t\t\t\t\t<div class=\"elementor-container elementor-column-gap-default\">\n\t\t\t\t\t<div class=\"elementor-column elementor-col-50 elementor-inner-column elementor-element elementor-element-b04b94e\" data-id=\"b04b94e\" data-element_type=\"column\" data-settings=\"{&quot;background_background&quot;:&quot;classic&quot;}\">\n\t\t\t<div class=\"elementor-widget-wrap elementor-element-populated\">\n\t\t\t\t\t\t<div class=\"elementor-element elementor-element-8413774 elementor-widget elementor-widget-heading\" data-id=\"8413774\" data-element_type=\"widget\" data-widget_type=\"heading.default\">\n\t\t\t\t<div class=\"elementor-widget-container\">\n\t\t\t<h3 class=\"elementor-heading-title elementor-size-default\">Pakowanie<\/h3>\t\t<\/div>\n\t\t\t\t<\/div>\n\t\t\t\t<div class=\"elementor-element elementor-element-11f7564 elementor-widget elementor-widget-text-editor\" data-id=\"11f7564\" data-element_type=\"widget\" data-widget_type=\"text-editor.default\">\n\t\t\t\t<div class=\"elementor-widget-container\">\n\t\t\t\t\t\t\t<p class=\"p1\">Pakujemy w piekne ekologiczne opakowanie, kt\u00f3re od samego pocz\u0105tku jest wyrazem naszego szacunku do Ciebie oraz do natury. Kartony wykonane w 100% z makulatury, materia\u0142y reklamowe oraz rachunek z papier\u00f3w ekologicznych.<\/p>\t\t\t\t\t\t<\/div>\n\t\t\t\t<\/div>\n\t\t\t\t\t<\/div>\n\t\t<\/div>\n\t\t\t\t<div class=\"elementor-column elementor-col-50 elementor-inner-column elementor-element elementor-element-6434ede\" data-id=\"6434ede\" data-element_type=\"column\">\n\t\t\t<div class=\"elementor-widget-wrap elementor-element-populated\">\n\t\t\t\t\t\t<div class=\"elementor-element elementor-element-f864211 elementor-widget elementor-widget-image\" data-id=\"f864211\" data-element_type=\"widget\" data-widget_type=\"image.default\">\n\t\t\t\t<div class=\"elementor-widget-container\">\n\t\t\t\t\t\t\t\t\t\t\t\t\t<img decoding=\"async\" src=\"https:\/\/kikam.pl\/wp-content\/uploads\/elementor\/thumbs\/house_12-rmaaja5uihsovplachpu3v0i2hs01sx9u60kri4bgw.jpg\" title=\"house_12\" alt=\"house_12\" loading=\"lazy\" \/>\t\t\t\t\t\t\t\t\t\t\t\t\t<\/div>\n\t\t\t\t<\/div>\n\t\t\t\t\t<\/div>\n\t\t<\/div>\n\t\t\t\t\t<\/div>\n\t\t<\/section>\n\t\t\t\t\t<\/div>\n\t\t<\/div>\n\t\t\t\t\t<\/div>\n\t\t<\/section>\n\t\t\t\t<section class=\"elementor-section elementor-top-section elementor-element elementor-element-25e28f5 elementor-section-boxed elementor-section-height-default elementor-section-height-default\" data-id=\"25e28f5\" data-element_type=\"section\">\n\t\t\t\t\t\t<div class=\"elementor-container elementor-column-gap-extended\">\n\t\t\t\t\t<div class=\"elementor-column elementor-col-100 elementor-top-column elementor-element elementor-element-3c7ba8d\" data-id=\"3c7ba8d\" data-element_type=\"column\" data-settings=\"{&quot;background_background&quot;:&quot;classic&quot;}\">\n\t\t\t<div class=\"elementor-widget-wrap elementor-element-populated\">\n\t\t\t\t\t\t<section class=\"elementor-section elementor-inner-section elementor-element elementor-element-c90967a elementor-section-boxed elementor-section-height-default elementor-section-height-default\" data-id=\"c90967a\" data-element_type=\"section\" data-settings=\"{&quot;background_background&quot;:&quot;classic&quot;}\">\n\t\t\t\t\t\t<div class=\"elementor-container elementor-column-gap-default\">\n\t\t\t\t\t<div class=\"elementor-column elementor-col-50 elementor-inner-column elementor-element elementor-element-6ad64f3\" data-id=\"6ad64f3\" data-element_type=\"column\">\n\t\t\t<div class=\"elementor-widget-wrap elementor-element-populated\">\n\t\t\t\t\t\t<div class=\"elementor-element elementor-element-9a0f5c7 elementor-widget elementor-widget-image\" data-id=\"9a0f5c7\" data-element_type=\"widget\" data-widget_type=\"image.default\">\n\t\t\t\t<div class=\"elementor-widget-container\">\n\t\t\t\t\t\t\t\t\t\t\t\t\t<img decoding=\"async\" src=\"https:\/\/kikam.pl\/wp-content\/uploads\/elementor\/thumbs\/Zrzut-ekranu-2024-04-2-o-14.25.22-rmaaj980bnrek3mnhzb7jd91h3wmu3tji1d3a85pn4.png\" title=\"Zrzut ekranu 2024-04-2 o 14.25.22\" alt=\"Zrzut ekranu 2024-04-2 o 14.25.22\" loading=\"lazy\" \/>\t\t\t\t\t\t\t\t\t\t\t\t\t<\/div>\n\t\t\t\t<\/div>\n\t\t\t\t\t<\/div>\n\t\t<\/div>\n\t\t\t\t<div class=\"elementor-column elementor-col-50 elementor-inner-column elementor-element elementor-element-8193dee\" data-id=\"8193dee\" data-element_type=\"column\" data-settings=\"{&quot;background_background&quot;:&quot;classic&quot;}\">\n\t\t\t<div class=\"elementor-widget-wrap elementor-element-populated\">\n\t\t\t\t\t\t<div class=\"elementor-element elementor-element-d6b6bb9 elementor-widget elementor-widget-heading\" data-id=\"d6b6bb9\" data-element_type=\"widget\" data-widget_type=\"heading.default\">\n\t\t\t\t<div class=\"elementor-widget-container\">\n\t\t\t<h3 class=\"elementor-heading-title elementor-size-default\">Piel\u0119gnacja <\/h3>\t\t<\/div>\n\t\t\t\t<\/div>\n\t\t\t\t<div class=\"elementor-element elementor-element-f899ef5 elementor-widget elementor-widget-text-editor\" data-id=\"f899ef5\" data-element_type=\"widget\" data-widget_type=\"text-editor.default\">\n\t\t\t\t<div class=\"elementor-widget-container\">\n\t\t\t\t\t\t\t<div class=\"vc_row wpb_row vc_inner vc_row-fluid\"><div class=\"text-justify wpb_column vc_column_container vc_col-sm-6\"><div class=\"vc_column-inner \"><div class=\"wpb_wrapper\"><div id=\"cms-heading-6\" class=\"cms-heading-wrapper text-center\"><div class=\"cms-heading-inner\"><div class=\"cms-heading-content\"><p class=\"p1\" style=\"text-align: left;\">Ciesz si\u0119 jak najd\u0142u\u017cej produktami KIKAM dzi\u0119ki odpowiedniej konserwacji. Zalecenia do czyszczenia pi\u0142ki: do czyszczenia tkaniny nale\u017cy u\u017cy\u0107 mi\u0119kkiej bawe\u0142nianej \u015bciereczki, lekko nawil\u017conej wod\u0105. Aby usun\u0105c plam\u0119 nale\u017cy wykonywa\u0107 delikatne okr\u0119\u017cne ruchy i nast\u0119pnie pozostawi\u0107 tkanin\u0119 do wyschni\u0119cia. W przypadku uporczywego zabrudzenia zaleca si\u0119 u\u017cy\u0107 odpowiedniego detergentu, kt\u00f3ry s\u0142u\u017cy do tkanin obiciowych (polecamy myd\u0142o szare). W celu usuni\u0119cia pozosta\u0142o\u015bci detergentu w tkaninie nale\u017cy j\u0105 skrapia\u0107 wod\u0105 i delikatnie ods\u0105cza\u0107 do momentu ca\u0142kowicie usuni\u0119cia detergentu. Dodatkowo mo\u017cna pi\u0142k\u0119 odkurza\u0107 <span class=\"s1\">\ud83d\ude09<\/span><\/p><\/div><\/div><\/div><\/div><\/div><\/div><\/div>\t\t\t\t\t\t<\/div>\n\t\t\t\t<\/div>\n\t\t\t\t\t<\/div>\n\t\t<\/div>\n\t\t\t\t\t<\/div>\n\t\t<\/section>\n\t\t\t\t\t<\/div>\n\t\t<\/div>\n\t\t\t\t\t<\/div>\n\t\t<\/section>\n\t\t\t\t<\/div>\n\t\t","protected":false},"excerpt":{"rendered":"<p>Tworzymy dla Was sami, od zera, w Polsce. Pokrowiec uszyty z najwi\u0119ksz\u0105 staranno\u015bci\u0105, by cieszy\u0142 przez wiele lat. Kim jeste\u015bmy? W KIKAM tworzymy produkty dla Was sami, od zera po efekt ko\u0144cowy. Produkty s\u0105 uszyte z najwi\u0119ksz\u0105 staranno\u015bci\u0105 i sercem, w mojej szwalni, gdzie wytwarzane s\u0105 z poszanowaniem praw pracownika. Kikam Zdrowie Zdrowy kr\u0119gos\u0142up i [&hellip;]<\/p>\n","protected":false},"author":1,"featured_media":0,"parent":0,"menu_order":0,"comment_status":"closed","ping_status":"closed","template":"","meta":{"footnotes":""},"class_list":["post-633","page","type-page","status-publish","hentry"],"_links":{"self":[{"href":"https:\/\/kikam.pl\/index.php\/wp-json\/wp\/v2\/pages\/633","targetHints":{"allow":["GET"]}}],"collection":[{"href":"https:\/\/kikam.pl\/index.php\/wp-json\/wp\/v2\/pages"}],"about":[{"href":"https:\/\/kikam.pl\/index.php\/wp-json\/wp\/v2\/types\/page"}],"author":[{"embeddable":true,"href":"https:\/\/kikam.pl\/index.php\/wp-json\/wp\/v2\/users\/1"}],"replies":[{"embeddable":true,"href":"https:\/\/kikam.pl\/index.php\/wp-json\/wp\/v2\/comments?post=633"}],"version-history":[{"count":43,"href":"https:\/\/kikam.pl\/index.php\/wp-json\/wp\/v2\/pages\/633\/revisions"}],"predecessor-version":[{"id":13033,"href":"https:\/\/kikam.pl\/index.php\/wp-json\/wp\/v2\/pages\/633\/revisions\/13033"}],"wp:attachment":[{"href":"https:\/\/kikam.pl\/index.php\/wp-json\/wp\/v2\/media?parent=633"}],"curies":[{"name":"wp","href":"https:\/\/api.w.org\/{rel}","templated":true}]}}