{"id":12937,"date":"2024-04-09T14:23:55","date_gmt":"2024-04-09T12:23:55","guid":{"rendered":"https:\/\/kikam.pl\/?page_id=12937"},"modified":"2024-04-09T14:29:11","modified_gmt":"2024-04-09T12:29:11","slug":"pilki-design","status":"publish","type":"page","link":"https:\/\/kikam.pl\/index.php\/pilki-design\/","title":{"rendered":"Pi\u0142ki design"},"content":{"rendered":"\t\t<div data-elementor-type=\"wp-page\" data-elementor-id=\"12937\" class=\"elementor elementor-12937\">\n\t\t\t\t\t\t<section class=\"elementor-section elementor-top-section elementor-element elementor-element-2c7fbad elementor-section-boxed elementor-section-height-default elementor-section-height-default\" data-id=\"2c7fbad\" data-element_type=\"section\">\n\t\t\t\t\t\t<div class=\"elementor-container elementor-column-gap-extended\">\n\t\t\t\t\t<div class=\"elementor-column elementor-col-100 elementor-top-column elementor-element elementor-element-2598c73\" data-id=\"2598c73\" data-element_type=\"column\" data-settings=\"{&quot;background_background&quot;:&quot;classic&quot;}\">\n\t\t\t<div class=\"elementor-widget-wrap elementor-element-populated\">\n\t\t\t\t\t\t<section class=\"elementor-section elementor-inner-section elementor-element elementor-element-b9c3f96 elementor-section-boxed elementor-section-height-default elementor-section-height-default\" data-id=\"b9c3f96\" data-element_type=\"section\" data-settings=\"{&quot;background_background&quot;:&quot;classic&quot;}\">\n\t\t\t\t\t\t<div class=\"elementor-container elementor-column-gap-default\">\n\t\t\t\t\t<div class=\"elementor-column elementor-col-50 elementor-inner-column elementor-element elementor-element-93461e1\" data-id=\"93461e1\" data-element_type=\"column\">\n\t\t\t<div class=\"elementor-widget-wrap elementor-element-populated\">\n\t\t\t\t\t\t<div class=\"elementor-element elementor-element-d44ad9f elementor-widget elementor-widget-image\" data-id=\"d44ad9f\" data-element_type=\"widget\" data-widget_type=\"image.default\">\n\t\t\t\t<div class=\"elementor-widget-container\">\n\t\t\t<style>\/*! elementor - v3.20.0 - 26-03-2024 *\/\n.elementor-widget-image{text-align:center}.elementor-widget-image a{display:inline-block}.elementor-widget-image a img[src$=\".svg\"]{width:48px}.elementor-widget-image img{vertical-align:middle;display:inline-block}<\/style>\t\t\t\t\t\t\t\t\t\t<img decoding=\"async\" src=\"https:\/\/kikam.pl\/wp-content\/uploads\/elementor\/thumbs\/house_17-rmaaj980bnrek3mnhzb7jd91h3wmu3tji1d3a85pn4.jpg\" title=\"house_17\" alt=\"house_17\" loading=\"lazy\" \/>\t\t\t\t\t\t\t\t\t\t\t\t\t<\/div>\n\t\t\t\t<\/div>\n\t\t\t\t\t<\/div>\n\t\t<\/div>\n\t\t\t\t<div class=\"elementor-column elementor-col-50 elementor-inner-column elementor-element elementor-element-39c4aef\" data-id=\"39c4aef\" data-element_type=\"column\" data-settings=\"{&quot;background_background&quot;:&quot;classic&quot;}\">\n\t\t\t<div class=\"elementor-widget-wrap elementor-element-populated\">\n\t\t\t\t\t\t<div class=\"elementor-element elementor-element-6d41c70 elementor-widget elementor-widget-heading\" data-id=\"6d41c70\" data-element_type=\"widget\" data-widget_type=\"heading.default\">\n\t\t\t\t<div class=\"elementor-widget-container\">\n\t\t\t<style>\/*! elementor - v3.20.0 - 26-03-2024 *\/\n.elementor-heading-title{padding:0;margin:0;line-height:1}.elementor-widget-heading .elementor-heading-title[class*=elementor-size-]>a{color:inherit;font-size:inherit;line-height:inherit}.elementor-widget-heading .elementor-heading-title.elementor-size-small{font-size:15px}.elementor-widget-heading .elementor-heading-title.elementor-size-medium{font-size:19px}.elementor-widget-heading .elementor-heading-title.elementor-size-large{font-size:29px}.elementor-widget-heading .elementor-heading-title.elementor-size-xl{font-size:39px}.elementor-widget-heading .elementor-heading-title.elementor-size-xxl{font-size:59px}<\/style><h3 class=\"elementor-heading-title elementor-size-default\">Pi\u0142ki design<\/h3>\t\t<\/div>\n\t\t\t\t<\/div>\n\t\t\t\t<div class=\"elementor-element elementor-element-7b6e9e5 elementor-widget elementor-widget-text-editor\" data-id=\"7b6e9e5\" data-element_type=\"widget\" data-widget_type=\"text-editor.default\">\n\t\t\t\t<div class=\"elementor-widget-container\">\n\t\t\t<style>\/*! elementor - v3.20.0 - 26-03-2024 *\/\n.elementor-widget-text-editor.elementor-drop-cap-view-stacked .elementor-drop-cap{background-color:#69727d;color:#fff}.elementor-widget-text-editor.elementor-drop-cap-view-framed .elementor-drop-cap{color:#69727d;border:3px solid;background-color:transparent}.elementor-widget-text-editor:not(.elementor-drop-cap-view-default) .elementor-drop-cap{margin-top:8px}.elementor-widget-text-editor:not(.elementor-drop-cap-view-default) .elementor-drop-cap-letter{width:1em;height:1em}.elementor-widget-text-editor .elementor-drop-cap{float:left;text-align:center;line-height:1;font-size:50px}.elementor-widget-text-editor .elementor-drop-cap-letter{display:inline-block}<\/style>\t\t\t\t<div id=\"cms-heading-2\" class=\"cms-heading-wrapper text-center\"><div class=\"cms-heading-inner\"><div class=\"cms-heading-content\" style=\"text-align: left;\"><p>Zdrowe cia\u0142o i wypoczynek to dzi\u015b marzenie ka\u017cdego z nas. A jakby uda\u0142o si\u0119 po\u0142aczy\u0107 funkcjonalno\u015b\u0107 I jako\u015b\u0107 w produktach, kt\u00f3re promuj\u0105 aktywny I zdrowy styl \u017cycia? Dbamy o estetyk\u0119 I trwa\u0142o\u015b\u0107 naszych produkt\u00f3w, aby s\u0142u\u017cy\u0142y jako inspiracja do regularnych \u0107wicze\u0144 I harmonijnie wpisywa\u0142y si\u0119 w ka\u017cd\u0105 przestrze\u0144. Na ka\u017cdym kroku produkcji ws\u0142uchujemy si\u0119 w potrzeby Klienta I tworzymy jego wymarzony produkt. Do wykorzystania w biurze do pracy, do relaksu z ksi\u0105\u017ck\u0105, do usypiania dzieci, do utrzymania zdrowia, do wyr\u00f3\u017cnienia Twojej przestrzeni dzi\u0119ki wyj\u0105tkowym I niepowtarzalnym produktom Kikam.pl<\/p><\/div><\/div><\/div>\t\t\t\t\t\t<\/div>\n\t\t\t\t<\/div>\n\t\t\t\t\t<\/div>\n\t\t<\/div>\n\t\t\t\t\t<\/div>\n\t\t<\/section>\n\t\t\t\t\t<\/div>\n\t\t<\/div>\n\t\t\t\t\t<\/div>\n\t\t<\/section>\n\t\t\t\t<section class=\"elementor-section elementor-top-section elementor-element elementor-element-7c35814 elementor-section-boxed elementor-section-height-default elementor-section-height-default\" data-id=\"7c35814\" data-element_type=\"section\">\n\t\t\t\t\t\t<div class=\"elementor-container elementor-column-gap-default\">\n\t\t\t\t\t<div class=\"elementor-column elementor-col-100 elementor-top-column elementor-element elementor-element-9953b68\" data-id=\"9953b68\" data-element_type=\"column\">\n\t\t\t<div class=\"elementor-widget-wrap elementor-element-populated\">\n\t\t\t\t\t\t<div class=\"elementor-element elementor-element-a57e0c8 elementor-widget elementor-widget-razzi-product-carousel\" data-id=\"a57e0c8\" data-element_type=\"widget\" data-settings=\"{&quot;slidesToShow&quot;:6,&quot;navigation&quot;:&quot;scrollbar&quot;,&quot;infinite&quot;:&quot;yes&quot;,&quot;autoplay&quot;:&quot;yes&quot;,&quot;mousewheel&quot;:&quot;yes&quot;,&quot;slidesToScroll&quot;:3,&quot;slidesRows&quot;:1,&quot;speed&quot;:800}\" data-widget_type=\"razzi-product-carousel.default\">\n\t\t\t\t<div class=\"elementor-widget-container\">\n\t\t\t\t\t<div class=\"razzi-products-carousel razzi-swiper-carousel-elementor woocommerce razzi-swiper-slider-elementor navigation-scrollbar navigation-tablet-scrollbar navigation-mobile-scrollbar\">\r\n\t\t\t<div class=\"woocommerce columns-6 \"><ul class=\"products columns-6\">\n<li class=\"product type-product post-12657 status-publish first instock product_cat-dla-dzieci product_cat-produkt-design product_cat-produkty-dedykowane product_cat-produkty-edukacyjne has-post-thumbnail shipping-taxable purchasable product-type-variable\">\n\t<a href=\"https:\/\/kikam.pl\/index.php\/product\/pompon\/\" class=\"woocommerce-LoopProduct-link woocommerce-loop-product__link\"><img fetchpriority=\"high\" decoding=\"async\" width=\"370\" height=\"444\" src=\"https:\/\/kikam.pl\/wp-content\/uploads\/2024\/04\/Zrzut-ekranu-2024-03-29-o-15.27.33-370x444.png\" class=\"attachment-woocommerce_thumbnail size-woocommerce_thumbnail\" alt=\"\" srcset=\"https:\/\/kikam.pl\/wp-content\/uploads\/2024\/04\/Zrzut-ekranu-2024-03-29-o-15.27.33-370x444.png 370w, https:\/\/kikam.pl\/wp-content\/uploads\/2024\/04\/Zrzut-ekranu-2024-03-29-o-15.27.33-130x156.png 130w\" sizes=\"(max-width: 370px) 100vw, 370px\" \/><h2 class=\"woocommerce-loop-product__title\">Pompon<\/h2>\n\t<span class=\"price\"><span class=\"woocommerce-Price-amount amount\"><bdi>380.00&nbsp;<span class=\"woocommerce-Price-currencySymbol\">&#122;&#322;<\/span><\/bdi><\/span> &ndash; <span class=\"woocommerce-Price-amount amount\"><bdi>450.00&nbsp;<span class=\"woocommerce-Price-currencySymbol\">&#122;&#322;<\/span><\/bdi><\/span><\/span>\n<\/a><a href=\"https:\/\/kikam.pl\/index.php\/product\/pompon\/\" data-quantity=\"1\" class=\"button product_type_variable add_to_cart_button\" data-product_id=\"12657\" data-product_sku=\"\" aria-label=\"Select options for &ldquo;Pompon&rdquo;\" aria-describedby=\"This product has multiple variants. The options may be chosen on the product page\" rel=\"nofollow\">Select options<\/a><\/li>\n<li class=\"product type-product post-12650 status-publish instock product_cat-dla-dzieci product_cat-produkt-design product_cat-produkty-dedykowane product_cat-produkty-edukacyjne has-post-thumbnail shipping-taxable purchasable product-type-variable\">\n\t<a href=\"https:\/\/kikam.pl\/index.php\/product\/wild-roses\/\" class=\"woocommerce-LoopProduct-link woocommerce-loop-product__link\"><img decoding=\"async\" width=\"370\" height=\"444\" src=\"https:\/\/kikam.pl\/wp-content\/uploads\/2024\/04\/Zrzut-ekranu-2024-03-29-o-15.30.32-370x444.png\" class=\"attachment-woocommerce_thumbnail size-woocommerce_thumbnail\" alt=\"\" srcset=\"https:\/\/kikam.pl\/wp-content\/uploads\/2024\/04\/Zrzut-ekranu-2024-03-29-o-15.30.32-370x444.png 370w, https:\/\/kikam.pl\/wp-content\/uploads\/2024\/04\/Zrzut-ekranu-2024-03-29-o-15.30.32-130x156.png 130w\" sizes=\"(max-width: 370px) 100vw, 370px\" \/><h2 class=\"woocommerce-loop-product__title\">Wild roses<\/h2>\n\t<span class=\"price\"><span class=\"woocommerce-Price-amount amount\"><bdi>380.00&nbsp;<span class=\"woocommerce-Price-currencySymbol\">&#122;&#322;<\/span><\/bdi><\/span> &ndash; <span class=\"woocommerce-Price-amount amount\"><bdi>450.00&nbsp;<span class=\"woocommerce-Price-currencySymbol\">&#122;&#322;<\/span><\/bdi><\/span><\/span>\n<\/a><a href=\"https:\/\/kikam.pl\/index.php\/product\/wild-roses\/\" data-quantity=\"1\" class=\"button product_type_variable add_to_cart_button\" data-product_id=\"12650\" data-product_sku=\"\" aria-label=\"Select options for &ldquo;Wild roses&rdquo;\" aria-describedby=\"This product has multiple variants. The options may be chosen on the product page\" rel=\"nofollow\">Select options<\/a><\/li>\n<li class=\"product type-product post-12643 status-publish instock product_cat-dla-dzieci product_cat-produkt-design product_cat-produkty-dedykowane product_cat-produkty-edukacyjne has-post-thumbnail shipping-taxable purchasable product-type-variable\">\n\t<a href=\"https:\/\/kikam.pl\/index.php\/product\/rebus\/\" class=\"woocommerce-LoopProduct-link woocommerce-loop-product__link\"><img decoding=\"async\" width=\"370\" height=\"444\" src=\"https:\/\/kikam.pl\/wp-content\/uploads\/2024\/04\/Zrzut-ekranu-2024-03-29-o-15.29.23-370x444.png\" class=\"attachment-woocommerce_thumbnail size-woocommerce_thumbnail\" alt=\"\" srcset=\"https:\/\/kikam.pl\/wp-content\/uploads\/2024\/04\/Zrzut-ekranu-2024-03-29-o-15.29.23-370x444.png 370w, https:\/\/kikam.pl\/wp-content\/uploads\/2024\/04\/Zrzut-ekranu-2024-03-29-o-15.29.23-130x156.png 130w\" sizes=\"(max-width: 370px) 100vw, 370px\" \/><h2 class=\"woocommerce-loop-product__title\">Rebus<\/h2>\n\t<span class=\"price\"><span class=\"woocommerce-Price-amount amount\"><bdi>380.00&nbsp;<span class=\"woocommerce-Price-currencySymbol\">&#122;&#322;<\/span><\/bdi><\/span> &ndash; <span class=\"woocommerce-Price-amount amount\"><bdi>450.00&nbsp;<span class=\"woocommerce-Price-currencySymbol\">&#122;&#322;<\/span><\/bdi><\/span><\/span>\n<\/a><a href=\"https:\/\/kikam.pl\/index.php\/product\/rebus\/\" data-quantity=\"1\" class=\"button product_type_variable add_to_cart_button\" data-product_id=\"12643\" data-product_sku=\"\" aria-label=\"Select options for &ldquo;Rebus&rdquo;\" aria-describedby=\"This product has multiple variants. The options may be chosen on the product page\" rel=\"nofollow\">Select options<\/a><\/li>\n<li class=\"product type-product post-12636 status-publish instock product_cat-dla-dzieci product_cat-produkt-design product_cat-produkty-dedykowane product_cat-produkty-edukacyjne has-post-thumbnail shipping-taxable purchasable product-type-variable\">\n\t<a href=\"https:\/\/kikam.pl\/index.php\/product\/palms\/\" class=\"woocommerce-LoopProduct-link woocommerce-loop-product__link\"><img loading=\"lazy\" decoding=\"async\" width=\"370\" height=\"444\" src=\"https:\/\/kikam.pl\/wp-content\/uploads\/2024\/04\/Zrzut-ekranu-2024-03-29-o-15.24.44-370x444.png\" class=\"attachment-woocommerce_thumbnail size-woocommerce_thumbnail\" alt=\"\" srcset=\"https:\/\/kikam.pl\/wp-content\/uploads\/2024\/04\/Zrzut-ekranu-2024-03-29-o-15.24.44-370x444.png 370w, https:\/\/kikam.pl\/wp-content\/uploads\/2024\/04\/Zrzut-ekranu-2024-03-29-o-15.24.44-130x156.png 130w\" sizes=\"(max-width: 370px) 100vw, 370px\" \/><h2 class=\"woocommerce-loop-product__title\">Palms<\/h2>\n\t<span class=\"price\"><span class=\"woocommerce-Price-amount amount\"><bdi>380.00&nbsp;<span class=\"woocommerce-Price-currencySymbol\">&#122;&#322;<\/span><\/bdi><\/span> &ndash; <span class=\"woocommerce-Price-amount amount\"><bdi>450.00&nbsp;<span class=\"woocommerce-Price-currencySymbol\">&#122;&#322;<\/span><\/bdi><\/span><\/span>\n<\/a><a href=\"https:\/\/kikam.pl\/index.php\/product\/palms\/\" data-quantity=\"1\" class=\"button product_type_variable add_to_cart_button\" data-product_id=\"12636\" data-product_sku=\"\" aria-label=\"Select options for &ldquo;Palms&rdquo;\" aria-describedby=\"This product has multiple variants. The options may be chosen on the product page\" rel=\"nofollow\">Select options<\/a><\/li>\n<li class=\"product type-product post-12625 status-publish instock product_cat-dla-dzieci product_cat-produkt-design product_cat-produkty-dedykowane product_cat-produkty-edukacyjne has-post-thumbnail shipping-taxable purchasable product-type-variable\">\n\t<a href=\"https:\/\/kikam.pl\/index.php\/product\/modern\/\" class=\"woocommerce-LoopProduct-link woocommerce-loop-product__link\"><img loading=\"lazy\" decoding=\"async\" width=\"370\" height=\"444\" src=\"https:\/\/kikam.pl\/wp-content\/uploads\/2024\/04\/Zrzut-ekranu-2024-03-29-o-15.23.18-370x444.png\" class=\"attachment-woocommerce_thumbnail size-woocommerce_thumbnail\" alt=\"\" srcset=\"https:\/\/kikam.pl\/wp-content\/uploads\/2024\/04\/Zrzut-ekranu-2024-03-29-o-15.23.18-370x444.png 370w, https:\/\/kikam.pl\/wp-content\/uploads\/2024\/04\/Zrzut-ekranu-2024-03-29-o-15.23.18-130x156.png 130w\" sizes=\"(max-width: 370px) 100vw, 370px\" \/><h2 class=\"woocommerce-loop-product__title\">Modern<\/h2>\n\t<span class=\"price\"><span class=\"woocommerce-Price-amount amount\"><bdi>380.00&nbsp;<span class=\"woocommerce-Price-currencySymbol\">&#122;&#322;<\/span><\/bdi><\/span> &ndash; <span class=\"woocommerce-Price-amount amount\"><bdi>450.00&nbsp;<span class=\"woocommerce-Price-currencySymbol\">&#122;&#322;<\/span><\/bdi><\/span><\/span>\n<\/a><a href=\"https:\/\/kikam.pl\/index.php\/product\/modern\/\" data-quantity=\"1\" class=\"button product_type_variable add_to_cart_button\" data-product_id=\"12625\" data-product_sku=\"\" aria-label=\"Select options for &ldquo;Modern&rdquo;\" aria-describedby=\"This product has multiple variants. The options may be chosen on the product page\" rel=\"nofollow\">Select options<\/a><\/li>\n<li class=\"product type-product post-12618 status-publish last instock product_cat-dla-dzieci product_cat-produkt-design product_cat-produkty-dedykowane product_cat-produkty-edukacyjne has-post-thumbnail shipping-taxable purchasable product-type-variable\">\n\t<a href=\"https:\/\/kikam.pl\/index.php\/product\/minecraft\/\" class=\"woocommerce-LoopProduct-link woocommerce-loop-product__link\"><img loading=\"lazy\" decoding=\"async\" width=\"370\" height=\"444\" src=\"https:\/\/kikam.pl\/wp-content\/uploads\/2024\/04\/Zrzut-ekranu-2024-03-29-o-15.22.31-370x444.png\" class=\"attachment-woocommerce_thumbnail size-woocommerce_thumbnail\" alt=\"\" srcset=\"https:\/\/kikam.pl\/wp-content\/uploads\/2024\/04\/Zrzut-ekranu-2024-03-29-o-15.22.31-370x444.png 370w, https:\/\/kikam.pl\/wp-content\/uploads\/2024\/04\/Zrzut-ekranu-2024-03-29-o-15.22.31-130x156.png 130w\" sizes=\"(max-width: 370px) 100vw, 370px\" \/><h2 class=\"woocommerce-loop-product__title\">Minecraft<\/h2>\n\t<span class=\"price\"><span class=\"woocommerce-Price-amount amount\"><bdi>380.00&nbsp;<span class=\"woocommerce-Price-currencySymbol\">&#122;&#322;<\/span><\/bdi><\/span> &ndash; <span class=\"woocommerce-Price-amount amount\"><bdi>450.00&nbsp;<span class=\"woocommerce-Price-currencySymbol\">&#122;&#322;<\/span><\/bdi><\/span><\/span>\n<\/a><a href=\"https:\/\/kikam.pl\/index.php\/product\/minecraft\/\" data-quantity=\"1\" class=\"button product_type_variable add_to_cart_button\" data-product_id=\"12618\" data-product_sku=\"\" aria-label=\"Select options for &ldquo;Minecraft&rdquo;\" aria-describedby=\"This product has multiple variants. The options may be chosen on the product page\" rel=\"nofollow\">Select options<\/a><\/li>\n<li class=\"product type-product post-12611 status-publish first instock product_cat-dla-dzieci product_cat-produkt-design product_cat-produkty-dedykowane product_cat-produkty-edukacyjne has-post-thumbnail shipping-taxable purchasable product-type-variable\">\n\t<a href=\"https:\/\/kikam.pl\/index.php\/product\/leo\/\" class=\"woocommerce-LoopProduct-link woocommerce-loop-product__link\"><img loading=\"lazy\" decoding=\"async\" width=\"370\" height=\"444\" src=\"https:\/\/kikam.pl\/wp-content\/uploads\/2024\/04\/Zrzut-ekranu-2024-03-29-o-15.17.38-370x444.png\" class=\"attachment-woocommerce_thumbnail size-woocommerce_thumbnail\" alt=\"\" srcset=\"https:\/\/kikam.pl\/wp-content\/uploads\/2024\/04\/Zrzut-ekranu-2024-03-29-o-15.17.38-370x444.png 370w, https:\/\/kikam.pl\/wp-content\/uploads\/2024\/04\/Zrzut-ekranu-2024-03-29-o-15.17.38-130x156.png 130w\" sizes=\"(max-width: 370px) 100vw, 370px\" \/><h2 class=\"woocommerce-loop-product__title\">Leo<\/h2>\n\t<span class=\"price\"><span class=\"woocommerce-Price-amount amount\"><bdi>380.00&nbsp;<span class=\"woocommerce-Price-currencySymbol\">&#122;&#322;<\/span><\/bdi><\/span> &ndash; <span class=\"woocommerce-Price-amount amount\"><bdi>450.00&nbsp;<span class=\"woocommerce-Price-currencySymbol\">&#122;&#322;<\/span><\/bdi><\/span><\/span>\n<\/a><a href=\"https:\/\/kikam.pl\/index.php\/product\/leo\/\" data-quantity=\"1\" class=\"button product_type_variable add_to_cart_button\" data-product_id=\"12611\" data-product_sku=\"\" aria-label=\"Select options for &ldquo;Leo&rdquo;\" aria-describedby=\"This product has multiple variants. The options may be chosen on the product page\" rel=\"nofollow\">Select options<\/a><\/li>\n<li class=\"product type-product post-12604 status-publish instock product_cat-dla-dzieci product_cat-produkt-design product_cat-produkty-dedykowane product_cat-produkty-edukacyjne has-post-thumbnail shipping-taxable purchasable product-type-variable\">\n\t<a href=\"https:\/\/kikam.pl\/index.php\/product\/indiana\/\" class=\"woocommerce-LoopProduct-link woocommerce-loop-product__link\"><img loading=\"lazy\" decoding=\"async\" width=\"370\" height=\"444\" src=\"https:\/\/kikam.pl\/wp-content\/uploads\/2024\/04\/Zrzut-ekranu-2024-03-29-o-15.16.45-370x444.png\" class=\"attachment-woocommerce_thumbnail size-woocommerce_thumbnail\" alt=\"\" srcset=\"https:\/\/kikam.pl\/wp-content\/uploads\/2024\/04\/Zrzut-ekranu-2024-03-29-o-15.16.45-370x444.png 370w, https:\/\/kikam.pl\/wp-content\/uploads\/2024\/04\/Zrzut-ekranu-2024-03-29-o-15.16.45-130x156.png 130w\" sizes=\"(max-width: 370px) 100vw, 370px\" \/><h2 class=\"woocommerce-loop-product__title\">Indiana<\/h2>\n\t<span class=\"price\"><span class=\"woocommerce-Price-amount amount\"><bdi>380.00&nbsp;<span class=\"woocommerce-Price-currencySymbol\">&#122;&#322;<\/span><\/bdi><\/span> &ndash; <span class=\"woocommerce-Price-amount amount\"><bdi>450.00&nbsp;<span class=\"woocommerce-Price-currencySymbol\">&#122;&#322;<\/span><\/bdi><\/span><\/span>\n<\/a><a href=\"https:\/\/kikam.pl\/index.php\/product\/indiana\/\" data-quantity=\"1\" class=\"button product_type_variable add_to_cart_button\" data-product_id=\"12604\" data-product_sku=\"\" aria-label=\"Select options for &ldquo;Indiana&rdquo;\" aria-describedby=\"This product has multiple variants. The options may be chosen on the product page\" rel=\"nofollow\">Select options<\/a><\/li>\n<\/ul>\n<\/div><span class=\"razzi-svg-icon rz-swiper-button-prev rz-swiper-button\"><svg aria-hidden=\"true\" role=\"img\" focusable=\"false\" xmlns=\"http:\/\/www.w3.org\/2000\/svg\" width=\"24\" height=\"24\" viewBox=\"0 0 24 24\" fill=\"none\" stroke=\"currentColor\" stroke-width=\"2\" stroke-linecap=\"round\" stroke-linejoin=\"round\"><polyline points=\"15 18 9 12 15 6\"><\/polyline><\/svg><\/span><span class=\"razzi-svg-icon rz-swiper-button-next rz-swiper-button\"><svg aria-hidden=\"true\" role=\"img\" focusable=\"false\" xmlns=\"http:\/\/www.w3.org\/2000\/svg\" width=\"24\" height=\"24\" viewBox=\"0 0 24 24\" fill=\"none\" stroke=\"currentColor\" stroke-width=\"2\" stroke-linecap=\"round\" stroke-linejoin=\"round\"><polyline points=\"9 18 15 12 9 6\"><\/polyline><\/svg><\/span>\t\t<\/div>\r\n\t\t\t\t<\/div>\n\t\t\t\t<\/div>\n\t\t\t\t\t<\/div>\n\t\t<\/div>\n\t\t\t\t\t<\/div>\n\t\t<\/section>\n\t\t\t\t<\/div>\n\t\t","protected":false},"excerpt":{"rendered":"<p>Pi\u0142ki design Zdrowe cia\u0142o i wypoczynek to dzi\u015b marzenie ka\u017cdego z nas. A jakby uda\u0142o si\u0119 po\u0142aczy\u0107 funkcjonalno\u015b\u0107 I jako\u015b\u0107 w produktach, kt\u00f3re promuj\u0105 aktywny I zdrowy styl \u017cycia? Dbamy o estetyk\u0119 I trwa\u0142o\u015b\u0107 naszych produkt\u00f3w, aby s\u0142u\u017cy\u0142y jako inspiracja do regularnych \u0107wicze\u0144 I harmonijnie wpisywa\u0142y si\u0119 w ka\u017cd\u0105 przestrze\u0144. Na ka\u017cdym kroku produkcji ws\u0142uchujemy [&hellip;]<\/p>\n","protected":false},"author":1,"featured_media":0,"parent":0,"menu_order":0,"comment_status":"closed","ping_status":"closed","template":"elementor_header_footer","meta":{"footnotes":""},"class_list":["post-12937","page","type-page","status-publish","hentry"],"_links":{"self":[{"href":"https:\/\/kikam.pl\/index.php\/wp-json\/wp\/v2\/pages\/12937","targetHints":{"allow":["GET"]}}],"collection":[{"href":"https:\/\/kikam.pl\/index.php\/wp-json\/wp\/v2\/pages"}],"about":[{"href":"https:\/\/kikam.pl\/index.php\/wp-json\/wp\/v2\/types\/page"}],"author":[{"embeddable":true,"href":"https:\/\/kikam.pl\/index.php\/wp-json\/wp\/v2\/users\/1"}],"replies":[{"embeddable":true,"href":"https:\/\/kikam.pl\/index.php\/wp-json\/wp\/v2\/comments?post=12937"}],"version-history":[{"count":13,"href":"https:\/\/kikam.pl\/index.php\/wp-json\/wp\/v2\/pages\/12937\/revisions"}],"predecessor-version":[{"id":12968,"href":"https:\/\/kikam.pl\/index.php\/wp-json\/wp\/v2\/pages\/12937\/revisions\/12968"}],"wp:attachment":[{"href":"https:\/\/kikam.pl\/index.php\/wp-json\/wp\/v2\/media?parent=12937"}],"curies":[{"name":"wp","href":"https:\/\/api.w.org\/{rel}","templated":true}]}}