{"id":12917,"date":"2024-04-09T14:14:24","date_gmt":"2024-04-09T12:14:24","guid":{"rendered":"https:\/\/kikam.pl\/?page_id=12917"},"modified":"2024-04-11T16:08:09","modified_gmt":"2024-04-11T14:08:09","slug":"edukacyjne","status":"publish","type":"page","link":"https:\/\/kikam.pl\/index.php\/edukacyjne\/","title":{"rendered":"Edukacyjne"},"content":{"rendered":"\t\t<div data-elementor-type=\"wp-page\" data-elementor-id=\"12917\" class=\"elementor elementor-12917\">\n\t\t\t\t\t\t<section class=\"elementor-section elementor-top-section elementor-element elementor-element-1c61675 elementor-section-boxed elementor-section-height-default elementor-section-height-default\" data-id=\"1c61675\" data-element_type=\"section\">\n\t\t\t\t\t\t<div class=\"elementor-container elementor-column-gap-extended\">\n\t\t\t\t\t<div class=\"elementor-column elementor-col-100 elementor-top-column elementor-element elementor-element-23e87fa\" data-id=\"23e87fa\" data-element_type=\"column\" data-settings=\"{&quot;background_background&quot;:&quot;classic&quot;}\">\n\t\t\t<div class=\"elementor-widget-wrap elementor-element-populated\">\n\t\t\t\t\t\t<section class=\"elementor-section elementor-inner-section elementor-element elementor-element-a662473 elementor-section-boxed elementor-section-height-default elementor-section-height-default\" data-id=\"a662473\" data-element_type=\"section\" data-settings=\"{&quot;background_background&quot;:&quot;classic&quot;}\">\n\t\t\t\t\t\t<div class=\"elementor-container elementor-column-gap-default\">\n\t\t\t\t\t<div class=\"elementor-column elementor-col-50 elementor-inner-column elementor-element elementor-element-912fce2\" data-id=\"912fce2\" data-element_type=\"column\">\n\t\t\t<div class=\"elementor-widget-wrap elementor-element-populated\">\n\t\t\t\t\t\t<div class=\"elementor-element elementor-element-9723c87 elementor-widget elementor-widget-image\" data-id=\"9723c87\" data-element_type=\"widget\" data-widget_type=\"image.default\">\n\t\t\t\t<div class=\"elementor-widget-container\">\n\t\t\t<style>\/*! elementor - v3.20.0 - 26-03-2024 *\/\n.elementor-widget-image{text-align:center}.elementor-widget-image a{display:inline-block}.elementor-widget-image a img[src$=\".svg\"]{width:48px}.elementor-widget-image img{vertical-align:middle;display:inline-block}<\/style>\t\t\t\t\t\t\t\t\t\t<img fetchpriority=\"high\" decoding=\"async\" width=\"2560\" height=\"2560\" src=\"https:\/\/kikam.pl\/wp-content\/uploads\/2024\/04\/aranzacja_AO-scaled.jpg\" class=\"attachment-full size-full wp-image-13022\" alt=\"\" srcset=\"https:\/\/kikam.pl\/wp-content\/uploads\/2024\/04\/aranzacja_AO-scaled.jpg 2560w, https:\/\/kikam.pl\/wp-content\/uploads\/2024\/04\/aranzacja_AO-300x300.jpg 300w, https:\/\/kikam.pl\/wp-content\/uploads\/2024\/04\/aranzacja_AO-1024x1024.jpg 1024w, https:\/\/kikam.pl\/wp-content\/uploads\/2024\/04\/aranzacja_AO-150x150.jpg 150w, https:\/\/kikam.pl\/wp-content\/uploads\/2024\/04\/aranzacja_AO-768x768.jpg 768w, https:\/\/kikam.pl\/wp-content\/uploads\/2024\/04\/aranzacja_AO-1536x1536.jpg 1536w, https:\/\/kikam.pl\/wp-content\/uploads\/2024\/04\/aranzacja_AO-2048x2048.jpg 2048w, https:\/\/kikam.pl\/wp-content\/uploads\/2024\/04\/aranzacja_AO-670x670.jpg 670w\" sizes=\"(max-width: 2560px) 100vw, 2560px\" \/>\t\t\t\t\t\t\t\t\t\t\t\t\t<\/div>\n\t\t\t\t<\/div>\n\t\t\t\t\t<\/div>\n\t\t<\/div>\n\t\t\t\t<div class=\"elementor-column elementor-col-50 elementor-inner-column elementor-element elementor-element-7c0d32b\" data-id=\"7c0d32b\" data-element_type=\"column\" data-settings=\"{&quot;background_background&quot;:&quot;classic&quot;}\">\n\t\t\t<div class=\"elementor-widget-wrap elementor-element-populated\">\n\t\t\t\t\t\t<div class=\"elementor-element elementor-element-943314b elementor-widget elementor-widget-heading\" data-id=\"943314b\" data-element_type=\"widget\" data-widget_type=\"heading.default\">\n\t\t\t\t<div class=\"elementor-widget-container\">\n\t\t\t<style>\/*! elementor - v3.20.0 - 26-03-2024 *\/\n.elementor-heading-title{padding:0;margin:0;line-height:1}.elementor-widget-heading .elementor-heading-title[class*=elementor-size-]>a{color:inherit;font-size:inherit;line-height:inherit}.elementor-widget-heading .elementor-heading-title.elementor-size-small{font-size:15px}.elementor-widget-heading .elementor-heading-title.elementor-size-medium{font-size:19px}.elementor-widget-heading .elementor-heading-title.elementor-size-large{font-size:29px}.elementor-widget-heading .elementor-heading-title.elementor-size-xl{font-size:39px}.elementor-widget-heading .elementor-heading-title.elementor-size-xxl{font-size:59px}<\/style><h3 class=\"elementor-heading-title elementor-size-default\">Pi\u0142ka edukacyjna KIKAM to wi\u0119cej ni\u017c pi\u0142ka \u2026<\/h3>\t\t<\/div>\n\t\t\t\t<\/div>\n\t\t\t\t<div class=\"elementor-element elementor-element-a34a909 elementor-widget elementor-widget-text-editor\" data-id=\"a34a909\" data-element_type=\"widget\" data-widget_type=\"text-editor.default\">\n\t\t\t\t<div class=\"elementor-widget-container\">\n\t\t\t<style>\/*! elementor - v3.20.0 - 26-03-2024 *\/\n.elementor-widget-text-editor.elementor-drop-cap-view-stacked .elementor-drop-cap{background-color:#69727d;color:#fff}.elementor-widget-text-editor.elementor-drop-cap-view-framed .elementor-drop-cap{color:#69727d;border:3px solid;background-color:transparent}.elementor-widget-text-editor:not(.elementor-drop-cap-view-default) .elementor-drop-cap{margin-top:8px}.elementor-widget-text-editor:not(.elementor-drop-cap-view-default) .elementor-drop-cap-letter{width:1em;height:1em}.elementor-widget-text-editor .elementor-drop-cap{float:left;text-align:center;line-height:1;font-size:50px}.elementor-widget-text-editor .elementor-drop-cap-letter{display:inline-block}<\/style>\t\t\t\t<div id=\"cms-heading-2\" class=\"cms-heading-wrapper text-center\"><div class=\"cms-heading-inner\"><div class=\"cms-heading-content\" style=\"text-align: left;\"><p>Dobra edukacja nie potrzebuje elektronicznych gad\u017cet\u00f3w, wr\u0119cz przeciwnie. Misja KIKAM to powr\u00f3t do korzeni \u2013 do nauki poprzez zmys\u0142y, poznawanie i do\u015bwiadczanie. Dlatego nasz flagowy produkt, stworzony dla ma\u0142ych ludzi (i nie tylko), sprawia, \u017ce zwyk\u0142a pi\u0142ka fitness to co\u015b wi\u0119cej ni\u017c tylko pi\u0142ka&#8230; to wszechstronne narz\u0119dzie, kt\u00f3re mo\u017cna wykorzysta\u0107 do wielu \u0107wicze\u0144 i pracy.<\/p><p>Pi\u0142ka do \u0107wicze\u0144 fitness sama w sobie jest bardzo u\u017cyteczna. Zabawa i \u0107wiczenie z ni\u0105 ma wiele zalet \u2013 redukuje przeci\u0105\u017cenia sensoryczne, zmniejsza nadpobudliwo\u015b\u0107, wzmacnia koncentracj\u0119, \u0142agodzi stres, \u0107wiczy wady postawy, poprawia interakcje spo\u0142eczne. Mo\u017cna j\u0105 wykorzysta\u0107 do \u0107wicze\u0144, zabawy, ale te\u017c do pracy (zamiast krzes\u0142a), aby zachowa\u0107 dobr\u0105 kondycj\u0119 cia\u0142a i umys\u0142u.<\/p><\/div><\/div><\/div>\t\t\t\t\t\t<\/div>\n\t\t\t\t<\/div>\n\t\t\t\t\t<\/div>\n\t\t<\/div>\n\t\t\t\t\t<\/div>\n\t\t<\/section>\n\t\t\t\t<section class=\"elementor-section elementor-inner-section elementor-element elementor-element-8d75fc4 elementor-section-boxed elementor-section-height-default elementor-section-height-default\" data-id=\"8d75fc4\" data-element_type=\"section\" data-settings=\"{&quot;background_background&quot;:&quot;classic&quot;}\">\n\t\t\t\t\t\t<div class=\"elementor-container elementor-column-gap-default\">\n\t\t\t\t\t<div class=\"elementor-column elementor-col-50 elementor-inner-column elementor-element elementor-element-b60ac69\" data-id=\"b60ac69\" data-element_type=\"column\" data-settings=\"{&quot;background_background&quot;:&quot;classic&quot;}\">\n\t\t\t<div class=\"elementor-widget-wrap elementor-element-populated\">\n\t\t\t\t\t\t<div class=\"elementor-element elementor-element-9911ae0 elementor-widget elementor-widget-text-editor\" data-id=\"9911ae0\" data-element_type=\"widget\" data-widget_type=\"text-editor.default\">\n\t\t\t\t<div class=\"elementor-widget-container\">\n\t\t\t\t\t\t\t<div id=\"cms-heading-2\" class=\"cms-heading-wrapper text-center\"><div class=\"cms-heading-inner\"><div class=\"cms-heading-content\" style=\"text-align: left;\"><p>Pi\u0142ka edukacyjna KIKAM pokryta jest dodatkowo oryginalnym pokrowcem, co czyni z niej prawdziwy wehiku\u0142 wyobra\u017ani b\u0119d\u0105cy map\u0105 \u015bwiata do odkrycia. Pokrowiec KIKAM, ma wz\u00f3r, kolory oraz mi\u0119kki materia\u0142, zgodne z metodologi\u0105 Montessori. Grafika kuli ziemskiej\u00a0 z kontynentami w firmie du\u017cej pi\u0142ki jest niczym globus 3D, kt\u00f3ry pozwala doznawa\u0107 i poznawa\u0107 wszystkimi zmys\u0142ami. Inspiruje m\u0142ode umys\u0142y do poznawania geografii w spos\u00f3b, kt\u00f3ry \u0142\u0105czy nauk\u0119 z zabaw\u0105 i przyjemno\u015bci\u0105. Zestaw dodatkowych \u0142atwo doczepianych rzep\u00f3w pozwala rozwija\u0107 wiedz\u0119 i znajomo\u015b\u0107 \u015bwiata o kolejne szczeg\u00f3\u0142y.<\/p><\/div><\/div><\/div>\t\t\t\t\t\t<\/div>\n\t\t\t\t<\/div>\n\t\t\t\t\t<\/div>\n\t\t<\/div>\n\t\t\t\t<div class=\"elementor-column elementor-col-50 elementor-inner-column elementor-element elementor-element-4387364\" data-id=\"4387364\" data-element_type=\"column\">\n\t\t\t<div class=\"elementor-widget-wrap elementor-element-populated\">\n\t\t\t\t\t\t<div class=\"elementor-element elementor-element-b8e094e elementor-widget elementor-widget-image\" data-id=\"b8e094e\" data-element_type=\"widget\" data-widget_type=\"image.default\">\n\t\t\t\t<div class=\"elementor-widget-container\">\n\t\t\t\t\t\t\t\t\t\t\t\t\t<img decoding=\"async\" width=\"2560\" height=\"1706\" src=\"https:\/\/kikam.pl\/wp-content\/uploads\/2024\/04\/21021a_RCZ-scaled.jpg\" class=\"attachment-full size-full wp-image-13023\" alt=\"\" srcset=\"https:\/\/kikam.pl\/wp-content\/uploads\/2024\/04\/21021a_RCZ-scaled.jpg 2560w, https:\/\/kikam.pl\/wp-content\/uploads\/2024\/04\/21021a_RCZ-300x200.jpg 300w, https:\/\/kikam.pl\/wp-content\/uploads\/2024\/04\/21021a_RCZ-1024x683.jpg 1024w, https:\/\/kikam.pl\/wp-content\/uploads\/2024\/04\/21021a_RCZ-768x512.jpg 768w, https:\/\/kikam.pl\/wp-content\/uploads\/2024\/04\/21021a_RCZ-1536x1024.jpg 1536w, https:\/\/kikam.pl\/wp-content\/uploads\/2024\/04\/21021a_RCZ-2048x1365.jpg 2048w, https:\/\/kikam.pl\/wp-content\/uploads\/2024\/04\/21021a_RCZ-670x447.jpg 670w\" sizes=\"(max-width: 2560px) 100vw, 2560px\" \/>\t\t\t\t\t\t\t\t\t\t\t\t\t<\/div>\n\t\t\t\t<\/div>\n\t\t\t\t\t<\/div>\n\t\t<\/div>\n\t\t\t\t\t<\/div>\n\t\t<\/section>\n\t\t\t\t\t<\/div>\n\t\t<\/div>\n\t\t\t\t\t<\/div>\n\t\t<\/section>\n\t\t\t\t<section class=\"elementor-section elementor-top-section elementor-element elementor-element-6ba3dab elementor-section-boxed elementor-section-height-default elementor-section-height-default\" data-id=\"6ba3dab\" data-element_type=\"section\">\n\t\t\t\t\t\t<div class=\"elementor-container elementor-column-gap-default\">\n\t\t\t\t\t<div class=\"elementor-column elementor-col-100 elementor-top-column elementor-element elementor-element-b709c2f\" data-id=\"b709c2f\" data-element_type=\"column\">\n\t\t\t<div class=\"elementor-widget-wrap elementor-element-populated\">\n\t\t\t\t\t\t<div class=\"elementor-element elementor-element-929093a elementor-widget elementor-widget-razzi-product-carousel\" data-id=\"929093a\" data-element_type=\"widget\" data-settings=\"{&quot;slidesToShow&quot;:6,&quot;navigation&quot;:&quot;scrollbar&quot;,&quot;infinite&quot;:&quot;yes&quot;,&quot;autoplay&quot;:&quot;yes&quot;,&quot;mousewheel&quot;:&quot;yes&quot;,&quot;slidesToScroll&quot;:3,&quot;slidesRows&quot;:1,&quot;speed&quot;:800}\" data-widget_type=\"razzi-product-carousel.default\">\n\t\t\t\t<div class=\"elementor-widget-container\">\n\t\t\t\t\t<div class=\"razzi-products-carousel razzi-swiper-carousel-elementor woocommerce razzi-swiper-slider-elementor navigation-scrollbar navigation-tablet-scrollbar navigation-mobile-scrollbar\">\r\n\t\t\t<div class=\"woocommerce columns-6 \"><ul class=\"products columns-6\">\n<li class=\"product type-product post-13151 status-publish first instock product_cat-dla-dzieci has-post-thumbnail shipping-taxable purchasable product-type-simple\">\n\t<a href=\"https:\/\/kikam.pl\/index.php\/product\/kikam-pilka-edukacyjna\/\" class=\"woocommerce-LoopProduct-link woocommerce-loop-product__link\"><img decoding=\"async\" width=\"370\" height=\"444\" src=\"https:\/\/kikam.pl\/wp-content\/uploads\/2024\/04\/zdjecieboczne1-370x444.jpg\" class=\"attachment-woocommerce_thumbnail size-woocommerce_thumbnail\" alt=\"\" srcset=\"https:\/\/kikam.pl\/wp-content\/uploads\/2024\/04\/zdjecieboczne1-370x444.jpg 370w, https:\/\/kikam.pl\/wp-content\/uploads\/2024\/04\/zdjecieboczne1-130x156.jpg 130w\" sizes=\"(max-width: 370px) 100vw, 370px\" \/><h2 class=\"woocommerce-loop-product__title\">pi\u0142ka edukacyjna<\/h2>\n\t<span class=\"price\"><span class=\"woocommerce-Price-amount amount\"><bdi>850.00&nbsp;<span class=\"woocommerce-Price-currencySymbol\">&#122;&#322;<\/span><\/bdi><\/span><\/span>\n<\/a><a href=\"?add-to-cart=13151\" data-quantity=\"1\" class=\"button product_type_simple add_to_cart_button ajax_add_to_cart\" data-product_id=\"13151\" data-product_sku=\"\" aria-label=\"Add to cart: &ldquo;pi\u0142ka edukacyjna&rdquo;\" aria-describedby=\"\" rel=\"nofollow\">Add to cart<\/a><\/li>\n<li class=\"product type-product post-12657 status-publish instock product_cat-dla-dzieci product_cat-produkt-design product_cat-produkty-dedykowane product_cat-produkty-edukacyjne has-post-thumbnail shipping-taxable purchasable product-type-variable\">\n\t<a href=\"https:\/\/kikam.pl\/index.php\/product\/pompon\/\" class=\"woocommerce-LoopProduct-link woocommerce-loop-product__link\"><img loading=\"lazy\" decoding=\"async\" width=\"370\" height=\"444\" src=\"https:\/\/kikam.pl\/wp-content\/uploads\/2024\/04\/Zrzut-ekranu-2024-03-29-o-15.27.33-370x444.png\" class=\"attachment-woocommerce_thumbnail size-woocommerce_thumbnail\" alt=\"\" srcset=\"https:\/\/kikam.pl\/wp-content\/uploads\/2024\/04\/Zrzut-ekranu-2024-03-29-o-15.27.33-370x444.png 370w, https:\/\/kikam.pl\/wp-content\/uploads\/2024\/04\/Zrzut-ekranu-2024-03-29-o-15.27.33-130x156.png 130w\" sizes=\"(max-width: 370px) 100vw, 370px\" \/><h2 class=\"woocommerce-loop-product__title\">Pompon<\/h2>\n\t<span class=\"price\"><span class=\"woocommerce-Price-amount amount\"><bdi>380.00&nbsp;<span class=\"woocommerce-Price-currencySymbol\">&#122;&#322;<\/span><\/bdi><\/span> &ndash; <span class=\"woocommerce-Price-amount amount\"><bdi>450.00&nbsp;<span class=\"woocommerce-Price-currencySymbol\">&#122;&#322;<\/span><\/bdi><\/span><\/span>\n<\/a><a href=\"https:\/\/kikam.pl\/index.php\/product\/pompon\/\" data-quantity=\"1\" class=\"button product_type_variable add_to_cart_button\" data-product_id=\"12657\" data-product_sku=\"\" aria-label=\"Select options for &ldquo;Pompon&rdquo;\" aria-describedby=\"This product has multiple variants. The options may be chosen on the product page\" rel=\"nofollow\">Select options<\/a><\/li>\n<li class=\"product type-product post-12650 status-publish instock product_cat-dla-dzieci product_cat-produkt-design product_cat-produkty-dedykowane product_cat-produkty-edukacyjne has-post-thumbnail shipping-taxable purchasable product-type-variable\">\n\t<a href=\"https:\/\/kikam.pl\/index.php\/product\/wild-roses\/\" class=\"woocommerce-LoopProduct-link woocommerce-loop-product__link\"><img loading=\"lazy\" decoding=\"async\" width=\"370\" height=\"444\" src=\"https:\/\/kikam.pl\/wp-content\/uploads\/2024\/04\/Zrzut-ekranu-2024-03-29-o-15.30.32-370x444.png\" class=\"attachment-woocommerce_thumbnail size-woocommerce_thumbnail\" alt=\"\" srcset=\"https:\/\/kikam.pl\/wp-content\/uploads\/2024\/04\/Zrzut-ekranu-2024-03-29-o-15.30.32-370x444.png 370w, https:\/\/kikam.pl\/wp-content\/uploads\/2024\/04\/Zrzut-ekranu-2024-03-29-o-15.30.32-130x156.png 130w\" sizes=\"(max-width: 370px) 100vw, 370px\" \/><h2 class=\"woocommerce-loop-product__title\">Wild roses<\/h2>\n\t<span class=\"price\"><span class=\"woocommerce-Price-amount amount\"><bdi>380.00&nbsp;<span class=\"woocommerce-Price-currencySymbol\">&#122;&#322;<\/span><\/bdi><\/span> &ndash; <span class=\"woocommerce-Price-amount amount\"><bdi>450.00&nbsp;<span class=\"woocommerce-Price-currencySymbol\">&#122;&#322;<\/span><\/bdi><\/span><\/span>\n<\/a><a href=\"https:\/\/kikam.pl\/index.php\/product\/wild-roses\/\" data-quantity=\"1\" class=\"button product_type_variable add_to_cart_button\" data-product_id=\"12650\" data-product_sku=\"\" aria-label=\"Select options for &ldquo;Wild roses&rdquo;\" aria-describedby=\"This product has multiple variants. The options may be chosen on the product page\" rel=\"nofollow\">Select options<\/a><\/li>\n<li class=\"product type-product post-12643 status-publish instock product_cat-dla-dzieci product_cat-produkt-design product_cat-produkty-dedykowane product_cat-produkty-edukacyjne has-post-thumbnail shipping-taxable purchasable product-type-variable\">\n\t<a href=\"https:\/\/kikam.pl\/index.php\/product\/rebus\/\" class=\"woocommerce-LoopProduct-link woocommerce-loop-product__link\"><img loading=\"lazy\" decoding=\"async\" width=\"370\" height=\"444\" src=\"https:\/\/kikam.pl\/wp-content\/uploads\/2024\/04\/Zrzut-ekranu-2024-03-29-o-15.29.23-370x444.png\" class=\"attachment-woocommerce_thumbnail size-woocommerce_thumbnail\" alt=\"\" srcset=\"https:\/\/kikam.pl\/wp-content\/uploads\/2024\/04\/Zrzut-ekranu-2024-03-29-o-15.29.23-370x444.png 370w, https:\/\/kikam.pl\/wp-content\/uploads\/2024\/04\/Zrzut-ekranu-2024-03-29-o-15.29.23-130x156.png 130w\" sizes=\"(max-width: 370px) 100vw, 370px\" \/><h2 class=\"woocommerce-loop-product__title\">Rebus<\/h2>\n\t<span class=\"price\"><span class=\"woocommerce-Price-amount amount\"><bdi>380.00&nbsp;<span class=\"woocommerce-Price-currencySymbol\">&#122;&#322;<\/span><\/bdi><\/span> &ndash; <span class=\"woocommerce-Price-amount amount\"><bdi>450.00&nbsp;<span class=\"woocommerce-Price-currencySymbol\">&#122;&#322;<\/span><\/bdi><\/span><\/span>\n<\/a><a href=\"https:\/\/kikam.pl\/index.php\/product\/rebus\/\" data-quantity=\"1\" class=\"button product_type_variable add_to_cart_button\" data-product_id=\"12643\" data-product_sku=\"\" aria-label=\"Select options for &ldquo;Rebus&rdquo;\" aria-describedby=\"This product has multiple variants. The options may be chosen on the product page\" rel=\"nofollow\">Select options<\/a><\/li>\n<li class=\"product type-product post-12636 status-publish instock product_cat-dla-dzieci product_cat-produkt-design product_cat-produkty-dedykowane product_cat-produkty-edukacyjne has-post-thumbnail shipping-taxable purchasable product-type-variable\">\n\t<a href=\"https:\/\/kikam.pl\/index.php\/product\/palms\/\" class=\"woocommerce-LoopProduct-link woocommerce-loop-product__link\"><img loading=\"lazy\" decoding=\"async\" width=\"370\" height=\"444\" src=\"https:\/\/kikam.pl\/wp-content\/uploads\/2024\/04\/Zrzut-ekranu-2024-03-29-o-15.24.44-370x444.png\" class=\"attachment-woocommerce_thumbnail size-woocommerce_thumbnail\" alt=\"\" srcset=\"https:\/\/kikam.pl\/wp-content\/uploads\/2024\/04\/Zrzut-ekranu-2024-03-29-o-15.24.44-370x444.png 370w, https:\/\/kikam.pl\/wp-content\/uploads\/2024\/04\/Zrzut-ekranu-2024-03-29-o-15.24.44-130x156.png 130w\" sizes=\"(max-width: 370px) 100vw, 370px\" \/><h2 class=\"woocommerce-loop-product__title\">Palms<\/h2>\n\t<span class=\"price\"><span class=\"woocommerce-Price-amount amount\"><bdi>380.00&nbsp;<span class=\"woocommerce-Price-currencySymbol\">&#122;&#322;<\/span><\/bdi><\/span> &ndash; <span class=\"woocommerce-Price-amount amount\"><bdi>450.00&nbsp;<span class=\"woocommerce-Price-currencySymbol\">&#122;&#322;<\/span><\/bdi><\/span><\/span>\n<\/a><a href=\"https:\/\/kikam.pl\/index.php\/product\/palms\/\" data-quantity=\"1\" class=\"button product_type_variable add_to_cart_button\" data-product_id=\"12636\" data-product_sku=\"\" aria-label=\"Select options for &ldquo;Palms&rdquo;\" aria-describedby=\"This product has multiple variants. The options may be chosen on the product page\" rel=\"nofollow\">Select options<\/a><\/li>\n<li class=\"product type-product post-12625 status-publish last instock product_cat-dla-dzieci product_cat-produkt-design product_cat-produkty-dedykowane product_cat-produkty-edukacyjne has-post-thumbnail shipping-taxable purchasable product-type-variable\">\n\t<a href=\"https:\/\/kikam.pl\/index.php\/product\/modern\/\" class=\"woocommerce-LoopProduct-link woocommerce-loop-product__link\"><img loading=\"lazy\" decoding=\"async\" width=\"370\" height=\"444\" src=\"https:\/\/kikam.pl\/wp-content\/uploads\/2024\/04\/Zrzut-ekranu-2024-03-29-o-15.23.18-370x444.png\" class=\"attachment-woocommerce_thumbnail size-woocommerce_thumbnail\" alt=\"\" srcset=\"https:\/\/kikam.pl\/wp-content\/uploads\/2024\/04\/Zrzut-ekranu-2024-03-29-o-15.23.18-370x444.png 370w, https:\/\/kikam.pl\/wp-content\/uploads\/2024\/04\/Zrzut-ekranu-2024-03-29-o-15.23.18-130x156.png 130w\" sizes=\"(max-width: 370px) 100vw, 370px\" \/><h2 class=\"woocommerce-loop-product__title\">Modern<\/h2>\n\t<span class=\"price\"><span class=\"woocommerce-Price-amount amount\"><bdi>380.00&nbsp;<span class=\"woocommerce-Price-currencySymbol\">&#122;&#322;<\/span><\/bdi><\/span> &ndash; <span class=\"woocommerce-Price-amount amount\"><bdi>450.00&nbsp;<span class=\"woocommerce-Price-currencySymbol\">&#122;&#322;<\/span><\/bdi><\/span><\/span>\n<\/a><a href=\"https:\/\/kikam.pl\/index.php\/product\/modern\/\" data-quantity=\"1\" class=\"button product_type_variable add_to_cart_button\" data-product_id=\"12625\" data-product_sku=\"\" aria-label=\"Select options for &ldquo;Modern&rdquo;\" aria-describedby=\"This product has multiple variants. The options may be chosen on the product page\" rel=\"nofollow\">Select options<\/a><\/li>\n<li class=\"product type-product post-12618 status-publish first instock product_cat-dla-dzieci product_cat-produkt-design product_cat-produkty-dedykowane product_cat-produkty-edukacyjne has-post-thumbnail shipping-taxable purchasable product-type-variable\">\n\t<a href=\"https:\/\/kikam.pl\/index.php\/product\/minecraft\/\" class=\"woocommerce-LoopProduct-link woocommerce-loop-product__link\"><img loading=\"lazy\" decoding=\"async\" width=\"370\" height=\"444\" src=\"https:\/\/kikam.pl\/wp-content\/uploads\/2024\/04\/Zrzut-ekranu-2024-03-29-o-15.22.31-370x444.png\" class=\"attachment-woocommerce_thumbnail size-woocommerce_thumbnail\" alt=\"\" srcset=\"https:\/\/kikam.pl\/wp-content\/uploads\/2024\/04\/Zrzut-ekranu-2024-03-29-o-15.22.31-370x444.png 370w, https:\/\/kikam.pl\/wp-content\/uploads\/2024\/04\/Zrzut-ekranu-2024-03-29-o-15.22.31-130x156.png 130w\" sizes=\"(max-width: 370px) 100vw, 370px\" \/><h2 class=\"woocommerce-loop-product__title\">Minecraft<\/h2>\n\t<span class=\"price\"><span class=\"woocommerce-Price-amount amount\"><bdi>380.00&nbsp;<span class=\"woocommerce-Price-currencySymbol\">&#122;&#322;<\/span><\/bdi><\/span> &ndash; <span class=\"woocommerce-Price-amount amount\"><bdi>450.00&nbsp;<span class=\"woocommerce-Price-currencySymbol\">&#122;&#322;<\/span><\/bdi><\/span><\/span>\n<\/a><a href=\"https:\/\/kikam.pl\/index.php\/product\/minecraft\/\" data-quantity=\"1\" class=\"button product_type_variable add_to_cart_button\" data-product_id=\"12618\" data-product_sku=\"\" aria-label=\"Select options for &ldquo;Minecraft&rdquo;\" aria-describedby=\"This product has multiple variants. The options may be chosen on the product page\" rel=\"nofollow\">Select options<\/a><\/li>\n<li class=\"product type-product post-12611 status-publish instock product_cat-dla-dzieci product_cat-produkt-design product_cat-produkty-dedykowane product_cat-produkty-edukacyjne has-post-thumbnail shipping-taxable purchasable product-type-variable\">\n\t<a href=\"https:\/\/kikam.pl\/index.php\/product\/leo\/\" class=\"woocommerce-LoopProduct-link woocommerce-loop-product__link\"><img loading=\"lazy\" decoding=\"async\" width=\"370\" height=\"444\" src=\"https:\/\/kikam.pl\/wp-content\/uploads\/2024\/04\/Zrzut-ekranu-2024-03-29-o-15.17.38-370x444.png\" class=\"attachment-woocommerce_thumbnail size-woocommerce_thumbnail\" alt=\"\" srcset=\"https:\/\/kikam.pl\/wp-content\/uploads\/2024\/04\/Zrzut-ekranu-2024-03-29-o-15.17.38-370x444.png 370w, https:\/\/kikam.pl\/wp-content\/uploads\/2024\/04\/Zrzut-ekranu-2024-03-29-o-15.17.38-130x156.png 130w\" sizes=\"(max-width: 370px) 100vw, 370px\" \/><h2 class=\"woocommerce-loop-product__title\">Leo<\/h2>\n\t<span class=\"price\"><span class=\"woocommerce-Price-amount amount\"><bdi>380.00&nbsp;<span class=\"woocommerce-Price-currencySymbol\">&#122;&#322;<\/span><\/bdi><\/span> &ndash; <span class=\"woocommerce-Price-amount amount\"><bdi>450.00&nbsp;<span class=\"woocommerce-Price-currencySymbol\">&#122;&#322;<\/span><\/bdi><\/span><\/span>\n<\/a><a href=\"https:\/\/kikam.pl\/index.php\/product\/leo\/\" data-quantity=\"1\" class=\"button product_type_variable add_to_cart_button\" data-product_id=\"12611\" data-product_sku=\"\" aria-label=\"Select options for &ldquo;Leo&rdquo;\" aria-describedby=\"This product has multiple variants. The options may be chosen on the product page\" rel=\"nofollow\">Select options<\/a><\/li>\n<\/ul>\n<\/div><span class=\"razzi-svg-icon rz-swiper-button-prev rz-swiper-button\"><svg aria-hidden=\"true\" role=\"img\" focusable=\"false\" xmlns=\"http:\/\/www.w3.org\/2000\/svg\" width=\"24\" height=\"24\" viewBox=\"0 0 24 24\" fill=\"none\" stroke=\"currentColor\" stroke-width=\"2\" stroke-linecap=\"round\" stroke-linejoin=\"round\"><polyline points=\"15 18 9 12 15 6\"><\/polyline><\/svg><\/span><span class=\"razzi-svg-icon rz-swiper-button-next rz-swiper-button\"><svg aria-hidden=\"true\" role=\"img\" focusable=\"false\" xmlns=\"http:\/\/www.w3.org\/2000\/svg\" width=\"24\" height=\"24\" viewBox=\"0 0 24 24\" fill=\"none\" stroke=\"currentColor\" stroke-width=\"2\" stroke-linecap=\"round\" stroke-linejoin=\"round\"><polyline points=\"9 18 15 12 9 6\"><\/polyline><\/svg><\/span>\t\t<\/div>\r\n\t\t\t\t<\/div>\n\t\t\t\t<\/div>\n\t\t\t\t\t<\/div>\n\t\t<\/div>\n\t\t\t\t\t<\/div>\n\t\t<\/section>\n\t\t\t\t<\/div>\n\t\t","protected":false},"excerpt":{"rendered":"<p>Pi\u0142ka edukacyjna KIKAM to wi\u0119cej ni\u017c pi\u0142ka \u2026 Dobra edukacja nie potrzebuje elektronicznych gad\u017cet\u00f3w, wr\u0119cz przeciwnie. Misja KIKAM to powr\u00f3t do korzeni \u2013 do nauki poprzez zmys\u0142y, poznawanie i do\u015bwiadczanie. Dlatego nasz flagowy produkt, stworzony dla ma\u0142ych ludzi (i nie tylko), sprawia, \u017ce zwyk\u0142a pi\u0142ka fitness to co\u015b wi\u0119cej ni\u017c tylko pi\u0142ka&#8230; to wszechstronne narz\u0119dzie, [&hellip;]<\/p>\n","protected":false},"author":1,"featured_media":0,"parent":0,"menu_order":0,"comment_status":"closed","ping_status":"closed","template":"","meta":{"footnotes":""},"class_list":["post-12917","page","type-page","status-publish","hentry"],"_links":{"self":[{"href":"https:\/\/kikam.pl\/index.php\/wp-json\/wp\/v2\/pages\/12917","targetHints":{"allow":["GET"]}}],"collection":[{"href":"https:\/\/kikam.pl\/index.php\/wp-json\/wp\/v2\/pages"}],"about":[{"href":"https:\/\/kikam.pl\/index.php\/wp-json\/wp\/v2\/types\/page"}],"author":[{"embeddable":true,"href":"https:\/\/kikam.pl\/index.php\/wp-json\/wp\/v2\/users\/1"}],"replies":[{"embeddable":true,"href":"https:\/\/kikam.pl\/index.php\/wp-json\/wp\/v2\/comments?post=12917"}],"version-history":[{"count":16,"href":"https:\/\/kikam.pl\/index.php\/wp-json\/wp\/v2\/pages\/12917\/revisions"}],"predecessor-version":[{"id":13036,"href":"https:\/\/kikam.pl\/index.php\/wp-json\/wp\/v2\/pages\/12917\/revisions\/13036"}],"wp:attachment":[{"href":"https:\/\/kikam.pl\/index.php\/wp-json\/wp\/v2\/media?parent=12917"}],"curies":[{"name":"wp","href":"https:\/\/api.w.org\/{rel}","templated":true}]}}