{"id":12914,"date":"2024-04-09T14:07:16","date_gmt":"2024-04-09T12:07:16","guid":{"rendered":"https:\/\/kikam.pl\/?page_id=12914"},"modified":"2024-04-11T16:03:00","modified_gmt":"2024-04-11T14:03:00","slug":"o-kikam","status":"publish","type":"page","link":"https:\/\/kikam.pl\/index.php\/o-kikam\/","title":{"rendered":"O kikam"},"content":{"rendered":"\t\t<div data-elementor-type=\"wp-page\" data-elementor-id=\"12914\" class=\"elementor elementor-12914\">\n\t\t\t\t\t\t<section class=\"elementor-section elementor-top-section elementor-element elementor-element-04b298c elementor-section-boxed elementor-section-height-default elementor-section-height-default\" data-id=\"04b298c\" data-element_type=\"section\">\n\t\t\t\t\t\t<div class=\"elementor-container elementor-column-gap-extended\">\n\t\t\t\t\t<div class=\"elementor-column elementor-col-100 elementor-top-column elementor-element elementor-element-33207af\" data-id=\"33207af\" data-element_type=\"column\" data-settings=\"{&quot;background_background&quot;:&quot;classic&quot;}\">\n\t\t\t<div class=\"elementor-widget-wrap elementor-element-populated\">\n\t\t\t\t\t\t<section class=\"elementor-section elementor-inner-section elementor-element elementor-element-10b1fa4 elementor-section-boxed elementor-section-height-default elementor-section-height-default\" data-id=\"10b1fa4\" data-element_type=\"section\" data-settings=\"{&quot;background_background&quot;:&quot;classic&quot;}\">\n\t\t\t\t\t\t<div class=\"elementor-container elementor-column-gap-default\">\n\t\t\t\t\t<div class=\"elementor-column elementor-col-50 elementor-inner-column elementor-element elementor-element-48366cd\" data-id=\"48366cd\" data-element_type=\"column\">\n\t\t\t<div class=\"elementor-widget-wrap elementor-element-populated\">\n\t\t\t\t\t\t<div class=\"elementor-element elementor-element-e13a7b7 elementor-widget elementor-widget-image\" data-id=\"e13a7b7\" data-element_type=\"widget\" data-widget_type=\"image.default\">\n\t\t\t\t<div class=\"elementor-widget-container\">\n\t\t\t<style>\/*! elementor - v3.20.0 - 26-03-2024 *\/\n.elementor-widget-image{text-align:center}.elementor-widget-image a{display:inline-block}.elementor-widget-image a img[src$=\".svg\"]{width:48px}.elementor-widget-image img{vertical-align:middle;display:inline-block}<\/style>\t\t\t\t\t\t\t\t\t\t<img decoding=\"async\" src=\"https:\/\/kikam.pl\/wp-content\/uploads\/elementor\/thumbs\/xDSC_7960-scaled-rmaaj980bnrek3mnhzb7jd91h3wmu3tji1d3a85pn4.jpg\" title=\"xDSC_7960\" alt=\"xDSC_7960\" loading=\"lazy\" \/>\t\t\t\t\t\t\t\t\t\t\t\t\t<\/div>\n\t\t\t\t<\/div>\n\t\t\t\t\t<\/div>\n\t\t<\/div>\n\t\t\t\t<div class=\"elementor-column elementor-col-50 elementor-inner-column elementor-element elementor-element-d0ddb6f\" data-id=\"d0ddb6f\" data-element_type=\"column\" data-settings=\"{&quot;background_background&quot;:&quot;classic&quot;}\">\n\t\t\t<div class=\"elementor-widget-wrap elementor-element-populated\">\n\t\t\t\t\t\t<div class=\"elementor-element elementor-element-34c6c60 elementor-widget elementor-widget-heading\" data-id=\"34c6c60\" data-element_type=\"widget\" data-widget_type=\"heading.default\">\n\t\t\t\t<div class=\"elementor-widget-container\">\n\t\t\t<style>\/*! elementor - v3.20.0 - 26-03-2024 *\/\n.elementor-heading-title{padding:0;margin:0;line-height:1}.elementor-widget-heading .elementor-heading-title[class*=elementor-size-]>a{color:inherit;font-size:inherit;line-height:inherit}.elementor-widget-heading .elementor-heading-title.elementor-size-small{font-size:15px}.elementor-widget-heading .elementor-heading-title.elementor-size-medium{font-size:19px}.elementor-widget-heading .elementor-heading-title.elementor-size-large{font-size:29px}.elementor-widget-heading .elementor-heading-title.elementor-size-xl{font-size:39px}.elementor-widget-heading .elementor-heading-title.elementor-size-xxl{font-size:59px}<\/style><h3 class=\"elementor-heading-title elementor-size-default\">O kikam<\/h3>\t\t<\/div>\n\t\t\t\t<\/div>\n\t\t\t\t<div class=\"elementor-element elementor-element-806802c elementor-widget elementor-widget-text-editor\" data-id=\"806802c\" data-element_type=\"widget\" data-widget_type=\"text-editor.default\">\n\t\t\t\t<div class=\"elementor-widget-container\">\n\t\t\t<style>\/*! elementor - v3.20.0 - 26-03-2024 *\/\n.elementor-widget-text-editor.elementor-drop-cap-view-stacked .elementor-drop-cap{background-color:#69727d;color:#fff}.elementor-widget-text-editor.elementor-drop-cap-view-framed .elementor-drop-cap{color:#69727d;border:3px solid;background-color:transparent}.elementor-widget-text-editor:not(.elementor-drop-cap-view-default) .elementor-drop-cap{margin-top:8px}.elementor-widget-text-editor:not(.elementor-drop-cap-view-default) .elementor-drop-cap-letter{width:1em;height:1em}.elementor-widget-text-editor .elementor-drop-cap{float:left;text-align:center;line-height:1;font-size:50px}.elementor-widget-text-editor .elementor-drop-cap-letter{display:inline-block}<\/style>\t\t\t\t<div id=\"cms-heading-2\" class=\"cms-heading-wrapper text-center\"><div class=\"cms-heading-inner\"><div class=\"cms-heading-content\" style=\"text-align: left;\"><p>Stworzy\u0142am KIKAM, aby kreowa\u0107 oryginalne rzeczy nadaj\u0105c im nowe formy i przeznaczenie. Inspiruj\u0119 si\u0119 \u017cyciem codziennym jako spe\u0142niona Mama \u2013 tworz\u0119 produkty, kt\u00f3re \u0142\u0105cz\u0105 cechy funkcjonalno\u015bci, edukacji, zdrowia oraz designu. W projektowaniu i tworzeniu stawiam na\u00a0nieoczywiste po\u0142\u0105czenia wzor\u00f3w i tkanin oraz jako\u015b\u0107.<\/p><\/div><\/div><\/div>\t\t\t\t\t\t<\/div>\n\t\t\t\t<\/div>\n\t\t\t\t\t<\/div>\n\t\t<\/div>\n\t\t\t\t\t<\/div>\n\t\t<\/section>\n\t\t\t\t\t<\/div>\n\t\t<\/div>\n\t\t\t\t\t<\/div>\n\t\t<\/section>\n\t\t\t\t<\/div>\n\t\t","protected":false},"excerpt":{"rendered":"<p>O kikam Stworzy\u0142am KIKAM, aby kreowa\u0107 oryginalne rzeczy nadaj\u0105c im nowe formy i przeznaczenie. Inspiruj\u0119 si\u0119 \u017cyciem codziennym jako spe\u0142niona Mama \u2013 tworz\u0119 produkty, kt\u00f3re \u0142\u0105cz\u0105 cechy funkcjonalno\u015bci, edukacji, zdrowia oraz designu. W projektowaniu i tworzeniu stawiam na nieoczywiste po\u0142\u0105czenia wzor\u00f3w i tkanin oraz jako\u015b\u0107.<\/p>\n","protected":false},"author":1,"featured_media":0,"parent":0,"menu_order":0,"comment_status":"closed","ping_status":"closed","template":"elementor_header_footer","meta":{"footnotes":""},"class_list":["post-12914","page","type-page","status-publish","hentry"],"_links":{"self":[{"href":"https:\/\/kikam.pl\/index.php\/wp-json\/wp\/v2\/pages\/12914","targetHints":{"allow":["GET"]}}],"collection":[{"href":"https:\/\/kikam.pl\/index.php\/wp-json\/wp\/v2\/pages"}],"about":[{"href":"https:\/\/kikam.pl\/index.php\/wp-json\/wp\/v2\/types\/page"}],"author":[{"embeddable":true,"href":"https:\/\/kikam.pl\/index.php\/wp-json\/wp\/v2\/users\/1"}],"replies":[{"embeddable":true,"href":"https:\/\/kikam.pl\/index.php\/wp-json\/wp\/v2\/comments?post=12914"}],"version-history":[{"count":10,"href":"https:\/\/kikam.pl\/index.php\/wp-json\/wp\/v2\/pages\/12914\/revisions"}],"predecessor-version":[{"id":13021,"href":"https:\/\/kikam.pl\/index.php\/wp-json\/wp\/v2\/pages\/12914\/revisions\/13021"}],"wp:attachment":[{"href":"https:\/\/kikam.pl\/index.php\/wp-json\/wp\/v2\/media?parent=12914"}],"curies":[{"name":"wp","href":"https:\/\/api.w.org\/{rel}","templated":true}]}}