{"id":12828,"date":"2024-04-02T16:02:16","date_gmt":"2024-04-02T14:02:16","guid":{"rendered":"https:\/\/kikam.pl\/?page_id=12828"},"modified":"2024-04-02T16:02:16","modified_gmt":"2024-04-02T14:02:16","slug":"regulamin","status":"publish","type":"page","link":"https:\/\/kikam.pl\/index.php\/regulamin\/","title":{"rendered":"Regulamin"},"content":{"rendered":"\n<h3 class=\"wp-block-heading\">I . Regulamin KIKAM.PL<\/h3>\n\n\n\n<p>1. Poni\u017cszy Regulamin b\u0119d\u0105cy jednocze\u015bnie regulaminem w rozumieniu Ustawy z dnia 18 lipca 2002 r. o \u015bwiadczeniu us\u0142ug drog\u0105 elektroniczn\u0105 (t.j. Dz. U. z 2016r, poz. 1030 z p\u00f3\u017an. zm.) okre\u015bla zasady korzystania ze Sklepu.<\/p>\n\n\n\n<p>2. U\u017cyte w Regulaminie poj\u0119cia oznaczaj\u0105:<\/p>\n\n\n\n<p>a) Sprzedawca \u2013 rozumie si\u0119 przez to:<\/p>\n\n\n\n<p>ZGODA NET, ul. Koszycka 8, 01-446 Warszawa, REGON 017400597, NIP 5272200721 u\u017cywaj\u0105cy w serwisie nazwy Kikam.pl<\/p>\n\n\n\n<p>b) Klient \u2013 rozumie si\u0119 przez to osob\u0119 fizyczn\u0105, posiadaj\u0105c\u0105 co najmniej ograniczon\u0105 zdolno\u015b\u0107 do czynno\u015bci prawnych i uko\u0144czone 18 lat, a tak\u017ce osob\u0119 prawn\u0105 lub jednostk\u0119 organizacyjn\u0105 nie b\u0119d\u0105c\u0105 osob\u0105 prawn\u0105, kt\u00f3rej przepisy szczeg\u00f3lne przyznaj\u0105 zdolno\u015b\u0107 prawn\u0105 i zdolno\u015b\u0107 do czynno\u015bci prawnych;<\/p>\n\n\n\n<p>c) Konsument \u2013 klient b\u0119d\u0105cy osob\u0105 fizyczn\u0105 dokonuj\u0105c\u0105 zakup\u00f3w w Sklepie niezwi\u0105zanych bezpo\u015brednio z jej dzia\u0142alno\u015bci\u0105 gospodarcz\u0105 lub zawodow\u0105 w rozumieniu art. 221 Kodeksu cywilnego;<\/p>\n\n\n\n<p>d) Sklep \u2013 rozumie si\u0119 przez to sklep internetowy, prowadzony przez Sprzedawc\u0119 pod adresem internetowym www\u200b.kikam.pl<\/p>\n\n\n\n<p>e) Produkt lub Produkty \u2013 rozumie si\u0119 przez to towary oferowane przez Sprzedawc\u0119 do sprzeda\u017cy detalicznej dost\u0119pne w Sklepie;<\/p>\n\n\n\n<p>f) Cena \u2013 nale\u017cy przez to rozumie\u0107 cen\u0119 brutto Produktu umieszczon\u0105 obok informacji o Produkcie, nie uwzgl\u0119dniaj\u0105c\u0105 Koszt\u00f3w dostarczenia Produktu. Ceny Produkt\u00f3w znajduj\u0105cych si\u0119 w Sklepie wyra\u017cone s\u0105 w z\u0142otych polskich i uwzgl\u0119dniaj\u0105 podatek VAT;<\/p>\n\n\n\n<p>g) Dostawca \u2013 profesjonalny operator pocztowy dostarczaj\u0105cy na zlecenie Sprzedawcy zakupione w Sklepie Produkty;<\/p>\n\n\n\n<p>h) Koszty dostarczenia Produktu \u2013 rozumie si\u0119 przez to op\u0142aty za dostaw\u0119 Produktu do Klienta;<\/p>\n\n\n\n<p>i) Zam\u00f3wienie \u2013 o\u015bwiadczenie woli Klienta, zmierzaj\u0105ce bezpo\u015brednio do zawarcia Umowy sprzeda\u017cy, okre\u015blaj\u0105ce w szczeg\u00f3lno\u015bci rodzaj i liczb\u0119 Produkt\u00f3w;<\/p>\n\n\n\n<p>j) Kodeks cywilny \u2013 ustawa z dnia 23 kwietnia 1964 r. (Dz. U. Nr 16, poz. 93 z p\u00f3\u017an. zm.);<\/p>\n\n\n\n<p>k) Ustawa o prawach konsumenta \u2013 ustawa z dnia 30 maja 2014 r. o prawach konsumenta (Dz. U. z 2014 r. poz. 827);<\/p>\n\n\n\n<p>3. W sprawach nieuregulowanych w niniejszym Regulaminie, z zastrze\u017ceniem ust. 4 i ust.5 poni\u017cej, zastosowanie znajduj\u0105 obowi\u0105zuj\u0105ce przepisy prawa polskiego, w szczeg\u00f3lno\u015bci: Kodeks cywilny oraz Ustawa o prawach konsumenta.<\/p>\n\n\n\n<p>4. W sprawach nieuregulowanych w niniejszym Regulaminie, w stosunku do um\u00f3w zawieranych z Klientami, kt\u00f3rzy s\u0105 przedsi\u0119biorcami z siedzib\u0105 poza granicami Rzeczpospolitej Polski, zastosowanie znajduj\u0105 wy\u0142\u0105cznie w\u0142a\u015bciwe przepisy prawa obowi\u0105zuj\u0105cego na terytorium Rzeczypospolitej Polskiej.<\/p>\n\n\n\n<p>5. W sprawach nieuregulowanych w niniejszym Regulaminie, w stosunku do um\u00f3w zawieranych z Klientami, kt\u00f3rzy s\u0105 Konsumentami maj\u0105cymi zwyk\u0142e miejsce pobytu poza granicami Rzeczpospolitej Polski, zastosowanie znajduj\u0105 wy\u0142\u0105cznie w\u0142a\u015bciwe przepisy prawa obowi\u0105zuj\u0105cego na terytorium Rzeczypospolitej Polskiej, jednak\u017ce konsumenci ci mog\u0105 korzysta\u0107 z ochrony przyznanej im na podstawie przepis\u00f3w obowi\u0105zuj\u0105cych na terytorium pa\u0144stwa w kt\u00f3rym maj\u0105 oni miejsce zwyk\u0142ego pobytu, w sytuacji gdy nie mo\u017cna tych przepis\u00f3w wy\u0142\u0105czy\u0107 w drodze umowy.<\/p>\n\n\n\n<h3 class=\"wp-block-heading\">II . Rejestracja w Sklepie i dokonywanie zam\u00f3wie\u0144<\/h3>\n\n\n\n<p>1. Klientami uprawnionymi do sk\u0142adania Zam\u00f3wie\u0144 na Produkty w Sklepie s\u0105 Klienci, kt\u00f3rzy posiadaj\u0105 status zarejestrowanego u\u017cytkownika Sklepu i Ci kt\u00f3rzy nie s\u0105 zarejestrowani.<\/p>\n\n\n\n<p>2. Informacje podane na stronie internetowej Sklepu nie stanowi\u0105 oferty w rozumieniu przepis\u00f3w kodeksu cywilnego. Stanowi\u0105 one zaproszenie do sk\u0142adania ofert przez Klient\u00f3w.<\/p>\n\n\n\n<p>3. Dost\u0119pno\u015b\u0107 Produkt\u00f3w jest aktualizowana od poniedzia\u0142ku do pi\u0105tku z wyj\u0105tkiem dni wolnych od pracy.<\/p>\n\n\n\n<p>4. Status niezarejestrowanego u\u017cytkownika Sklepu tj. Klienci dokonuj\u0105cy zakup\u00f3w z pomini\u0119ciem procedury rejestracji i logowania: Niezb\u0119dnym elementem procedury sk\u0142adania zam\u00f3wienia jest zapoznanie si\u0119 i zaakceptowanie przez Klienta niniejszego Regulaminu, co Klient potwierdza zaznaczaj\u0105c odpowiednie pole przed z\u0142o\u017ceniem zam\u00f3wienia. Brak akceptacji przez Klienta niniejszego Regulaminu w toku procedury sk\u0142adania zam\u00f3wienia uniemo\u017cliwia skorzystanie z mo\u017cliwo\u015bci nabycia Produktu za po\u015brednictwem Sklepu.<\/p>\n\n\n\n<p>5. Status zarejestrowanego u\u017cytkownika Sklepu Klient uzyska po wype\u0142nieniu w prawid\u0142owy spos\u00f3b formularza rejestracyjnego, kt\u00f3ry znajduje si\u0119 na stronie internetowej Sklepu oraz dokonaniu aktywacji konta, poprzez wej\u015bcie na link wys\u0142any na e-mail Klienta. Czynno\u015bci rejestracyjne dokonywane s\u0105 jednorazowo. Przy ka\u017cdym kolejnym Zam\u00f3wieniu Klient u\u017cywa ustalonego wcze\u015bniej na stronie Sklepu loginu i has\u0142a. Po u\u017cyciu ustalonego przez Klienta loginu i has\u0142a ma on mo\u017cliwo\u015b\u0107 aktualizacji danych podanych przy rejestracji. Login i has\u0142o maj\u0105 charakter poufny.<\/p>\n\n\n\n<p>6. Klient posiadaj\u0105cy status zarejestrowanego u\u017cytkownika Sklepu sk\u0142ada zam\u00f3wienie po zalogowaniu si\u0119 do Sklepu poprzez dodanie Produktu prezentowanego w Sklepie do Koszyka, nast\u0119pnie potwierdzaj\u0105c z\u0142o\u017cenie zam\u00f3wienia na Produkty przez wyb\u00f3r przycisku \u2013 \u201ezam\u00f3wienie\u201d<\/p>\n\n\n\n<p>7. Klient, kt\u00f3ry nie posiada statusu zarejestrowanego u\u017cytkownika Sklepu sk\u0142ada zam\u00f3wienie poprzez dodanie Produktu prezentowanego w Sklepie Internetowym do Koszyka, nast\u0119pnie potwierdzaj\u0105c z\u0142o\u017cenie zam\u00f3wienia na Produkt poprzez wyb\u00f3r przycisku \u2013 \u201ezam\u00f3wienie\u201d i podaj\u0105c dane do formularza zam\u00f3wienia, niezb\u0119dne do jego zrealizowania zgodnie z procedur\u0105 zamieszczon\u0105 na stronie internetowej Sklepu.<\/p>\n\n\n\n<p>8. W trakcie procedury sk\u0142adania zam\u00f3wienia, a\u017c do momentu wybrania przez Klienta przycisku \u201ezam\u00f3wienie\u201d Klient ma mo\u017cliwo\u015b\u0107 modyfikowania zam\u00f3wienia w szczeg\u00f3lno\u015bci w zakresie wyboru Produktu, miejsca dostarczenia Produktu, sposobu p\u0142atno\u015bci, danych podanych do zrealizowania zam\u00f3wienia. Poprzez naci\u015bni\u0119cie przycisku \u201ezam\u00f3wienie\u201d Klient definitywnie sk\u0142ada zam\u00f3wienie.<\/p>\n\n\n\n<p>9. Ca\u0142kowita warto\u015b\u0107 zam\u00f3wienia obejmuje cen\u0119 Produktu oraz koszty jego dostarczenia. Informacja o ca\u0142kowitej warto\u015bci zam\u00f3wienia jest podawana na stronie internetowej Sklepu w trakcie sk\u0142adania zam\u00f3wienia, w tym przed bezpo\u015brednim zatwierdzeniem i z\u0142o\u017ceniem przez Klienta zam\u00f3wienia. S\u0105 to ca\u0142kowite koszty, kt\u00f3re Klient zobowi\u0105zany jest zap\u0142aci\u0107.<\/p>\n\n\n\n<p>10. Zam\u00f3wienie mo\u017cna sk\u0142ada\u0107 przez ca\u0142\u0105 dob\u0119, ka\u017cdego dnia tygodnia. Sprzedawca zastrzega sobie prawo chwilowego wstrzymania dzia\u0142alno\u015bci Sklepu ze wzgl\u0119d\u00f3w konserwacyjnych lub konieczno\u015bci uaktualnienia danych.<\/p>\n\n\n\n<p>11. Po otrzymaniu przez Sprzedawc\u0119 zam\u00f3wienia, ka\u017cdorazowo wysy\u0142ana b\u0119dzie na adres e- mail podany przez Klienta automatyczna wiadomo\u015b\u0107 potwierdzaj\u0105ca otrzymanie przez Sprzedawc\u0119 zam\u00f3wienia. Wiadomo\u015b\u0107 jest wysy\u0142ana automatycznie i potwierdza fakt dotarcia zam\u00f3wienia do Sprzedawcy.<\/p>\n\n\n\n<p>12. Informacje, o&nbsp;kt\u00f3rych mowa w&nbsp;art. 12 ust. 1&nbsp;ustawy o&nbsp;prawach konsumenta, b\u0119d\u0105 przesy\u0142ane Klientowi na podany przez Klienta podczas sk\u0142adania zam\u00f3wienia adres e-\u200bmail, w&nbsp;wiadomo\u015bci e-\u200bmail potwierdzaj\u0105cej z\u0142o\u017cenie i&nbsp;tre\u015b\u0107 z\u0142o\u017conego przez Klienta Zam\u00f3wienia.<\/p>\n\n\n\n<p>13. W Zam\u00f3wieniu Klient mo\u017ce wskaza\u0107 dodatkowo dane wymagane do wystawienia faktury VAT, je\u017celi \u017c\u0105da wystawienia faktury VAT.<\/p>\n\n\n\n<h3 class=\"wp-block-heading\">III . Realizacja zam\u00f3wienia<\/h3>\n\n\n\n<p>1. Z\u0142o\u017cone zam\u00f3wienie zostaje weryfikowane przez Sprzedawc\u0119. Przyj\u0119cie zam\u00f3wienia przez Sprzedawc\u0119 do realizacji nast\u0105pi po otrzymaniu ca\u0142ej nale\u017cno\u015bci tj. ceny Produktu i koszt\u00f3w dostarczenia wskazanych w zam\u00f3wieniu.<\/p>\n\n\n\n<p>2. Je\u015bli zam\u00f3wienie jest z\u0142o\u017cone w&nbsp;spos\u00f3b zgodny z&nbsp;niniejszym Regulaminem, Klient otrzymuje na adres e-\u200bmail wiadomo\u015b\u0107 o&nbsp;przyj\u0119ciu zam\u00f3wienia do realizacji. Z&nbsp;chwil\u0105 otrzymania przez Klienta wiadomo\u015bci e-\u200bmail z&nbsp;potwierdzeniem przyj\u0119cia zam\u00f3wienia do realizacji, zostaje zawarta umowa sprzeda\u017cy pomi\u0119dzy Klientem a&nbsp;Sprzedawc\u0105.<\/p>\n\n\n\n<p>3. Przygotowanie Produkt\u00f3w o indywidualnym charakterze np. poduszki szyte na wymiar wymaga wcze\u015bniejszego ustalenia i zgody Kikam.pl oraz podlegaj\u0105 osobnej wycenie.<\/p>\n\n\n\n<p>4. Sprzedawca ma prawo do odmowy realizacji Zam\u00f3wienia w sytuacji gdy: a) dane podane przez Klienta s\u0105 nieprawdziwe; b) zam\u00f3wienie nie zosta\u0142o op\u0142acone w terminie do 7 dni od dnia zawarcia umowy sprzeda\u017cy pomi\u0119dzy Klientem a Sprzedawc\u0105.<\/p>\n\n\n\n<p>5. Produkt obj\u0119ty Zam\u00f3wieniem jest dostarczany Klientowi przez Sprzedawc\u0119 wraz z dokumentem potwierdzaj\u0105cym zawarcie umowy sprzeda\u017cy.<\/p>\n\n\n\n<p>6. W przypadku braku produktu w magazynie lub braku mo\u017cliwo\u015bci realizacji zam\u00f3wienia Klienta z innych przyczyn, Klient jest informowany o tym drog\u0105 mailow\u0105 lub telefonicznie w celu podj\u0119cia decyzji co do dalszej realizacji Zam\u00f3wienia.<\/p>\n\n\n\n<p>7. Warunki umowy sprzeda\u017cy okre\u015bla niniejszy Regulamin, obowi\u0105zuj\u0105ce przepisy prawa oraz indywidualne ustalenia pomi\u0119dzy Sprzedawc\u0105 a Klientem.<\/p>\n\n\n\n<h3 class=\"wp-block-heading\" id=\"paymentPolicy\">IV . Zasady p\u0142atno\u015bci za Produkt<\/h3>\n\n\n\n<p>1. W celu wykonania umowy sprzeda\u017cy Klient zobowi\u0105zany jest zap\u0142aci\u0107 wskazan\u0105 w zam\u00f3wieniu cen\u0119 Produkt\u00f3w oraz koszt dostarczenia Produktu.<\/p>\n\n\n\n<p>a) przelew (przedp\u0142ata): nale\u017cno\u015b\u0107 za Zam\u00f3wienie zostanie przekazana na rachunek bankowy Sklepu podany w&nbsp;e-\u200bmailu potwierdzaj\u0105cym z\u0142o\u017cenie Zam\u00f3wienia, rachunek bankowy sprzedawcy Santander Bank PL21109010140000000146849116<\/p>\n\n\n\n<p>b) p\u0142atno\u015b\u0107 online za po\u015brednictwem Systemu PayPal p\u0142atno\u015bci online lub Przelewy24.<\/p>\n\n\n\n<p>2. Zasady dokonywania p\u0142atno\u015bci przez Klient\u00f3w za po\u015brednictwem Systemu PayPal oraz post\u0119powanie reklamacyjne dost\u0119pne s\u0105 na stronie www\u200b.paypal\u200b.com Korzystanie z&nbsp;p\u0142atno\u015bci za po\u015brednictwem systemu p\u0142atno\u015bci online wymaga uprzedniej akceptacji przez Klienta regulaminu tych us\u0142ug.<\/p>\n\n\n\n<p>3. Zasady dokonywania p\u0142atno\u015bci przez Klient\u00f3w za po\u015brednictwem Przelewy24 oraz post\u0119powanie reklamacyjne dost\u0119pne s\u0105 na stronie www.przelewy24.pl\/kontakt\/reklamacja. Korzystanie z p\u0142atno\u015bci za po\u015brednictwem systemu p\u0142atno\u015bci online wymaga uprzedniej akceptacji przez Klienta regulaminu tych us\u0142ug.<\/p>\n\n\n\n<p>4. Sklep nie prowadzi sprzeda\u017cy i wysy\u0142ek za pobraniem.<\/p>\n\n\n\n<h3 class=\"wp-block-heading\" id=\"shippingPolicy\">V . Dostawa zam\u00f3wionego Produktu<\/h3>\n\n\n\n<p>1. Produkt wysy\u0142any jest pod adres wskazanym w formularzu rejestracji\/zam\u00f3wienia. Sklep poinformuje Klienta niezw\u0142ocznie drog\u0105 mailow\u0105 lub telefoniczn\u0105 o nieprawid\u0142owo wype\u0142nionym formularzu, kt\u00f3ry uniemo\u017cliwia dokonanie wysy\u0142ki lub mo\u017ce j\u0105 op\u00f3\u017ani\u0107.<\/p>\n\n\n\n<p>2. Przesy\u0142ki z produktem, Sprzedawca dostarcza za po\u015brednictwem firmy kurierskiej. Istnieje mo\u017cliwo\u015b\u0107 odebrania Produktu w siedzibie Sprzedawcy, po wcze\u015bniejszym ustaleniu terminu odbioru drog\u0105 mailow\u0105 b\u0105d\u017a telefoniczn\u0105.<\/p>\n\n\n\n<p>3. Sprzedawca stara si\u0119 dostarczy\u0107 sprzedawane produkty jak najszybciej. Wysy\u0142ka produkt\u00f3w znajduj\u0105cych si\u0119 w magazynie jest realizowana w ci\u0105gu 5-12 dni roboczych od momentu:<\/p>\n\n\n\n<p>a) w przypadku p\u0142atno\u015bci online realizowanej jest za po\u015brednictwem serwisu Przelewy24 \u2013 gdy Klient otrzyma automatyczny e-mail z informacj\u0105 o zaakceptowaniu p\u0142atno\u015bci. W finalizacji zam\u00f3wienia Klient zostaje przekierowany do strony serwisu Przelewy24, gdzie b\u0119dzie m\u00f3g\u0142 zdecydowa\u0107 si\u0119 na p\u0142atno\u015b\u0107 kart\u0105 lub przelewem bankowym<\/p>\n\n\n\n<p>b) zaksi\u0119gowania wp\u0142aty na koncie Sprzedawcy w przypadku wyboru formy p\u0142atno\u015bci przelewem.<\/p>\n\n\n\n<p>4. Do czasu realizacji Zam\u00f3wienia nie wlicza si\u0119 sob\u00f3t oraz dni ustawowo wolnych od pracy.<\/p>\n\n\n\n<p>5. Produkty na zam\u00f3wienie i realizowane indywidualnie wymagaj\u0105 wcze\u015bniejszej konsultacji i okre\u015blenia zasad wsp\u00f3\u0142pracy ustalone poprzez kontakt kikam@kikam.pl<\/p>\n\n\n\n<h3 class=\"wp-block-heading\">VI . Zwrot zakupionego Produktu<\/h3>\n\n\n\n<p>1. Klient, kt\u00f3ry jest Konsumentem, mo\u017ce zwr\u00f3ci\u0107 zakupiony w Sklepie Produkt bez podania przyczyny i ponoszenia koszt\u00f3w sk\u0142adaj\u0105c o\u015bwiadczenie o odst\u0105pieniu od umowy sprzeda\u017cy Produktu zgodnie z art. 27 ustawy o prawach konsumenta.<\/p>\n\n\n\n<p>2. Uprawnienie to Klient mo\u017ce zrealizowa\u0107 w ci\u0105gu 14 dni od otrzymania Produktu. Do zachowania terminu wystarczy wys\u0142anie o\u015bwiadczenia przed jego up\u0142ywem.<\/p>\n\n\n\n<p>3. Pouczenie o prawie odst\u0105pienia od umowy, zawieraj\u0105ce w szczeg\u00f3lno\u015bci informacje o sposobie i terminie wykonania prawa odst\u0105pienia od umowy oraz o kosztach zwrotu rzeczy w przypadku odst\u0105pienia od umowy, kt\u00f3re ponosi Konsument, stanowi&nbsp;<a href=\"http:\/\/kikam.pl\/wp-content\/uploads\/2018\/02\/REGULAMIN-zalacznik-nr1.pdf\" target=\"_blank\" rel=\"noreferrer noopener\">za\u0142\u0105cznik nr 1<\/a>&nbsp;do niniejszego regulaminu.<\/p>\n\n\n\n<p>4. W przypadku odst\u0105pienia od umowy sprzeda\u017cy Produktu, Klient jest zobowi\u0105zany do niezw\u0142ocznego zwrotu Produktu Sprzedawcy nie p\u00f3\u017aniej ni\u017c w terminie 14 dni od z\u0142o\u017cenia o\u015bwiadczenia o odst\u0105pieniu od umowy sprzeda\u017cy Produktu, zgodnie z zamieszczon\u0105 na stronie internetowej Sklepu Kikam.pl procedur\u0105.<\/p>\n\n\n\n<p>5. Sprzedawca zwraca Klientowi cen\u0119 za odes\u0142any przez Klienta Produkt w ci\u0105gu 14 dni, licz\u0105c od dnia dor\u0119czenia Sprzedaj\u0105cemu o\u015bwiadczenia o odst\u0105pieniu od umowy sprzeda\u017cy Produkt\u00f3w.<\/p>\n\n\n\n<p>6. Sprzedawca mo\u017ce wstrzyma\u0107 si\u0119 ze zwrotem p\u0142atno\u015bci otrzymanych od Klienta do chwili otrzymania z powrotem zwracanych Produkt\u00f3w lub dostarczenia przez Klienta dowodu odes\u0142ania zwracanych Produkt\u00f3w, w zale\u017cno\u015bci od tego, kt\u00f3re zdarzenie nast\u0105pi wcze\u015bniej. Zwrot dokonywany jest w zale\u017cno\u015bci od wybranej przez Klienta formy p\u0142atno\u015bci, przekazem pocztowym lub na wskazany przez Klienta rachunek bankowy.<\/p>\n\n\n\n<p>7. W przypadku odst\u0105pienia od umowy zawartej na odleg\u0142o\u015b\u0107, umowa jest uwa\u017cana za niezawart\u0105. To, co strony \u015bwiadczy\u0142y, ulega zwrotowi w stanie niezmienionym, chyba \u017ce zmiana by\u0142a konieczna w granicach zwyk\u0142ego zarz\u0105du to bezpo\u015brednie koszty zwrotu Produktu ponosi Klient.<\/p>\n\n\n\n<p>8. Odst\u0105pienie od umowy sprzeda\u017cy Produktu mo\u017ce zosta\u0107 dokonane poprzez wype\u0142nienie formularza odst\u0105pienia od umowy sprzeda\u017cy.<\/p>\n\n\n\n<h3 class=\"wp-block-heading\">VII . Reklamacje<\/h3>\n\n\n\n<p>1. Sprzedawca jest zobowi\u0105zany do dostarczenia Klientowi Produkt\u00f3w bez wad fizycznych i prawnych. Je\u015bli sprzedany Produkt ma wady fizyczne, prawne lub jest w inny spos\u00f3b niezgodny z umow\u0105 Klient ma prawo z\u0142o\u017cy\u0107 reklamacj\u0119.<\/p>\n\n\n\n<p>2. Podstawa i zakres odpowiedzialno\u015bci Sprzedawcy wzgl\u0119dem Klienta, je\u017celi sprzedany Produkt ma wad\u0119 fizyczn\u0105 lub prawn\u0105 lub jest w inny spos\u00f3b niezgodny z umow\u0105 (r\u0119kojmia), s\u0105 okre\u015blone powszechnie obowi\u0105zuj\u0105cymi przepisami prawa, w szczeg\u00f3lno\u015bci w Kodeksie Cywilnym.<\/p>\n\n\n\n<p>3. Reklamacje dotycz\u0105ce wad Produkt\u00f3w nale\u017cy zg\u0142asza\u0107 pisemnie na adres: Magdalena Kempkiewicz ul.G\u00f3rna Droga 14\/201, 02-495 Warszawa lub drog\u0105 elektroniczn\u0105 na adres e-mail kikam@kikam.pl<\/p>\n\n\n\n<p>Reklamacja powinna zawiera\u0107:<\/p>\n\n\n\n<p>a) imie i nazwiska Klienta;<\/p>\n\n\n\n<p>b) adres do korespondencji lub adres e-mail Klienta;<\/p>\n\n\n\n<p>c) dow\u00f3d potwierdzaj\u0105cy dokonanie zakupu Produktu;<\/p>\n\n\n\n<p>d) przedmiot reklamacji, ze wskazaniem \u017c\u0105dania Klienta;<\/p>\n\n\n\n<p>e) wszelkie okoliczno\u015bci uzasadniaj\u0105ce reklamacj\u0119. Je\u017celi podane w reklamacji dane lub informacje wymagaj\u0105 uzupe\u0142nienia, przed rozpatrzeniem reklamacji Sprzedawca zwraca si\u0119 do sk\u0142adaj\u0105cego reklamacj\u0119 Klienta o jej uzupe\u0142nienie we wskazanym zakresie.<\/p>\n\n\n\n<p>4. Sprzedawca rozpoznaje reklamacje nie p\u00f3\u017aniej ni\u017c w terminie 14 dni od daty jej otrzymania w prawid\u0142owej postaci.<\/p>\n\n\n\n<p>5. Koszty przesy\u0142ki Produktu ponosi Sprzedawca, jednak nie wi\u0119ksze ni\u017c koszt normalnej przesy\u0142ki poleconej.<\/p>\n\n\n\n<h3 class=\"wp-block-heading\">VIII . Ochrona danych osobowych<\/h3>\n\n\n\n<p>1. Klient dokonuj\u0105c rejestracji lub sk\u0142adaj\u0105c zam\u00f3wienie bez rejestracji w Sklepie, wyra\u017ca zgod\u0119 na gromadzenie i przetwarzanie przez Sprzedawc\u0119 danych osobowych (podanych w formularzu rejestracyjnym\/zam\u00f3wienia) w rozumieniu ustawy z dnia 29 sierpnia 1997 r. o ochronie danych osobowych (t.j. Dz. U. z 2016 r. poz.922 ) wy\u0142\u0105cznie w celu realizacji Zam\u00f3wie\u0144.<\/p>\n\n\n\n<p>2. Klient mo\u017ce wyrazi\u0107 zgod\u0119 na otrzymywanie od Sprzedawcy informacji o charakterze reklamowym i handlowym, w tym za pomoc\u0105 \u015brodk\u00f3w komunikacji elektronicznej. Zgoda ta jest udzielana przez Klienta poprzez zaznaczenie odpowiedniej opcji na formularzu rejestracyjnym\/zam\u00f3wienia. Wyra\u017cenie zgody nie jest warunkiem realizacji Zam\u00f3wienia.<\/p>\n\n\n\n<p>3. Klientowi przys\u0142uguje prawo do wgl\u0105du do tre\u015bci podanych danych osobowych oraz ich poprawiania, a tak\u017ce \u017c\u0105dania usuni\u0119cia danych.<\/p>\n\n\n\n<h3 class=\"wp-block-heading\">IX . Dane kontaktowe Sprzedawcy<\/h3>\n\n\n\n<p>We wszelkich sprawach zwi\u0105zanych z dokonywaniem transakcji w Sklepie, Klient mo\u017ce kontaktowa\u0107 si\u0119 ze Sprzedawc\u0105 telefonicznie pod numerem telefonu +48 607 409 677 lub za po\u015brednictwem adresu e- mail oraz kikam@kikam.pl<\/p>\n\n\n\n<h3 class=\"wp-block-heading\">X . Postanowienia ko\u0144cowe<\/h3>\n\n\n\n<p>1. W sprawach nieuregulowanych w niniejszym Regulaminie stosuje si\u0119 przepisy Kodeksu cywilnego, ustawy o prawach konsumenta oraz innych obowi\u0105zuj\u0105cych przepis\u00f3w prawa.<\/p>\n\n\n\n<p>2. Postanowienia niniejszego Regulaminu nie naruszaj\u0105 praw Konsumenta z tytu\u0142u niezgodno\u015bci towaru z umow\u0105. Postanowienia Regulaminu nale\u017cy interpretowa\u0107 w spos\u00f3b zapewniaj\u0105cy ich zgodno\u015b\u0107 z obowi\u0105zuj\u0105cymi przepisami prawa.<\/p>\n\n\n\n<p>3. We wszelkich sprawach nieuregulowanych w niniejszym Regulaminie, maj\u0105 zastosowanie przepisy Kodeksu Cywilnego, oraz innych ustaw, a w odniesieniu do konsument\u00f3w r\u00f3wnie\u017c Ustawy o prawach konsumenta.<\/p>\n\n\n\n<p>4. Niniejszy Regulamin wchodzi w \u017cycie z dniem 01 marca 2017 roku i obowi\u0105zuje do um\u00f3w zawartych od tego dnia.<\/p>\n\n\n\n<h2 class=\"wp-block-heading\" id=\"privacyPolicy\">POLITYKA PRYWATNO\u015aCI<\/h2>\n\n\n\n<h3 class=\"wp-block-heading\">Zapewnienie<\/h3>\n\n\n\n<p>Zapewniamy u\u017cytkownik\u00f3w sklepu internetowego Kikam.pl, i\u017c przestrzegamy prawa do prywatno\u015bci i ochrony danych osobowych. Osobom korzystaj\u0105cym z naszego serwisu zapewniamy ochron\u0119 danych zgromadzonych w trakcie wsp\u00f3\u0142pracy w zgodzie z obowi\u0105zuj\u0105cym prawem i przypominamy, \u017ce do was r\u00f3wnie\u017c zale\u017cy skuteczno\u015b\u0107 tej ochrony. Nale\u017cy zawsze pami\u0119ta\u0107 o zachowaniu w tajemnicy posiadanych hase\u0142 i login\u00f3w oraz o zastosowaniu odpowiednich zabezpiecze\u0144 i ustawie\u0144 opcji internetowych. Dane osobowe podlegaj\u0105 ochronie zgodnie z przepisami ustawy o ochronie danych osobowych z dnia 29 sierpnia 1997 r.<\/p>\n\n\n\n<h3 class=\"wp-block-heading\">Dane osobowe<\/h3>\n\n\n\n<p>W czasie korzystania ze stron sklepu internetowego kikam.pl mo\u017cesz zosta\u0107 poproszony o podanie niekt\u00f3rych swoich danych osobowych poprzez wype\u0142nienie formularza lub w inny spos\u00f3b. W przypadku zakupu b\u0119dziesz proszony o podanie pe\u0142nych danych osobowych. Niepodanie wymaganych danych zablokuje czynno\u015b\u0107, je\u015bli dane te s\u0105 wymagane do jej prawid\u0142owego wykonania.<\/p>\n\n\n\n<h3 class=\"wp-block-heading\">Newsletter kikam.pl<\/h3>\n\n\n\n<p>Zaprenumerowanie elektronicznego newslettera Kikam.pl, w kt\u00f3rym przedstawiamy nowo\u015bci oraz promocje wymaga podania jedynie adresu e-mail. Wysy\u0142amy e-mail zwrotny z pro\u015bb\u0105 o potwierdzenie rejestracji. Je\u015bli potwierdzisz ch\u0119\u0107 otrzymywania newslettera, to Tw\u00f3j adres zostanie dodany do listy mailingowej. Zapisuj\u0105c si\u0119 na newsletter wyra\u017casz zgod\u0119 na otrzymywanie informacji o produktach, cenach, promocjach itd.<\/p>\n\n\n\n<h3 class=\"wp-block-heading\">Formularz kontaktowy<\/h3>\n\n\n\n<p>Osoby odwiedzaj\u0105ce nasz\u0105 stron\u0119 internetow\u0105 maj\u0105 mo\u017cliwo\u015b\u0107 zadawania pyta\u0144, przedstawiania opinii, itp. Przechowujemy korespondencj\u0119 elektroniczn\u0105 z u\u017cytkownikami serwisu w celu jak najlepszej i najszybszej odpowiedzi na pytania. Pragn\u0105c zapewni\u0107 najwy\u017cszej jako\u015bci us\u0142ugi zapraszamy do kierowania pyta\u0144 i opinii pod adres: kikam@kikam.pl<\/p>\n\n\n\n<h3 class=\"wp-block-heading\">Cookies<\/h3>\n\n\n\n<p>W trakcie korzystania z naszego serwisu Kikam.pl mog\u0105 by\u0107 gromadzone pewne anonimowe informacje z u\u017cyciem r\u00f3\u017cnych technologii takich jak pliki cookie, znaczniki internetowe lub sygnalizatory www (ewidencje log\u00f3w, logi serwer\u00f3w itp). U\u017cywana przez Was przegl\u0105darka internetowa automatycznie przekazuje do niniejszej witryny niekt\u00f3re z takich anonimowych danych, np. URL witryny internetowej odwiedzanej przez Was poprzednio czy wersja przegl\u0105darki aktualnie wykorzystywanej przez Wasz komputer. Analizujemy tak\u017ce logi dost\u0119powe z informacjami o numerze IP u\u017cytkownik\u00f3w. Informacje uzyskane w ten spos\u00f3b wykorzystywane s\u0105 w celach administracyjnych i do bada\u0144 statystycznych.<\/p>\n\n\n\n<h3 class=\"wp-block-heading\">Bezpiecze\u0144stwo transakcji<\/h3>\n\n\n\n<p>Wszystkie transakcje prowadzone s\u0105 przy u\u017cyciu protoko\u0142\u00f3w bezpiecznego po\u0142\u0105czenia SSL (Secure Socket Layer) z u\u017cyciem certyfikatu cyfrowego. Karty kredytowe autoryzowane s\u0105 on-line bezpo\u015brednio na serwerze PolCard. Nie rejestrujemy ani nie przechowujemy informacji zwi\u0105zanych z kartami kredytowymi. Stosowanie powy\u017cszych technologii zapewnia bezpiecze\u0144stwo p\u0142atno\u015bci za pomoc\u0105 kart kredytowych.<\/p>\n","protected":false},"excerpt":{"rendered":"<p>I . Regulamin KIKAM.PL 1. Poni\u017cszy Regulamin b\u0119d\u0105cy jednocze\u015bnie regulaminem w rozumieniu Ustawy z dnia 18 lipca 2002 r. o \u015bwiadczeniu us\u0142ug drog\u0105 elektroniczn\u0105 (t.j. Dz. U. z 2016r, poz. 1030 z p\u00f3\u017an. zm.) okre\u015bla zasady korzystania ze Sklepu. 2. U\u017cyte w Regulaminie poj\u0119cia oznaczaj\u0105: a) Sprzedawca \u2013 rozumie si\u0119 przez to: ZGODA NET, ul. [&hellip;]<\/p>\n","protected":false},"author":1,"featured_media":0,"parent":0,"menu_order":0,"comment_status":"closed","ping_status":"closed","template":"","meta":{"footnotes":""},"class_list":["post-12828","page","type-page","status-publish","hentry"],"_links":{"self":[{"href":"https:\/\/kikam.pl\/index.php\/wp-json\/wp\/v2\/pages\/12828","targetHints":{"allow":["GET"]}}],"collection":[{"href":"https:\/\/kikam.pl\/index.php\/wp-json\/wp\/v2\/pages"}],"about":[{"href":"https:\/\/kikam.pl\/index.php\/wp-json\/wp\/v2\/types\/page"}],"author":[{"embeddable":true,"href":"https:\/\/kikam.pl\/index.php\/wp-json\/wp\/v2\/users\/1"}],"replies":[{"embeddable":true,"href":"https:\/\/kikam.pl\/index.php\/wp-json\/wp\/v2\/comments?post=12828"}],"version-history":[{"count":1,"href":"https:\/\/kikam.pl\/index.php\/wp-json\/wp\/v2\/pages\/12828\/revisions"}],"predecessor-version":[{"id":12829,"href":"https:\/\/kikam.pl\/index.php\/wp-json\/wp\/v2\/pages\/12828\/revisions\/12829"}],"wp:attachment":[{"href":"https:\/\/kikam.pl\/index.php\/wp-json\/wp\/v2\/media?parent=12828"}],"curies":[{"name":"wp","href":"https:\/\/api.w.org\/{rel}","templated":true}]}}